{"id":1527,"date":"2025-08-03T21:28:12","date_gmt":"2025-08-03T21:28:12","guid":{"rendered":"https:\/\/rastosvet.rs\/?post_type=product&#038;p=1527"},"modified":"2025-10-27T18:10:56","modified_gmt":"2025-10-27T18:10:56","slug":"termostat-xh-w3001","status":"publish","type":"product","link":"https:\/\/rastosvet.rs\/sr-latin\/product\/termostat-xh-w3001\/","title":{"rendered":"Kontroler temperature &#8211; termostat"},"content":{"rendered":"<p>Automatska kontrola napona zavisno od temperature!<\/p>\n<p>Opis:<\/p>\n<ul>\n<li>Temperaturni kontroler sa sondom i lako \u010ditljivim LED displejom<\/li>\n<li>Dva re\u017eima rada &#8211; grejanje i hla\u0111enje<\/li>\n<li>Jednostavno pode\u0161avanje temperaturnog opsega pomo\u0107u tastera<\/li>\n<li>LED crveni indikator rada<\/li>\n<\/ul>\n<p><img fetchpriority=\"high\" decoding=\"async\" class=\"alignnone size-full wp-image-1529\" src=\"https:\/\/rastosvet.rs\/wp-content\/uploads\/2025\/08\/temperature-controller-demo.jpg\" alt=\"\" width=\"800\" height=\"800\" srcset=\"https:\/\/rastosvet.rs\/wp-content\/uploads\/2025\/08\/temperature-controller-demo.jpg 800w, https:\/\/rastosvet.rs\/wp-content\/uploads\/2025\/08\/temperature-controller-demo-300x300.jpg 300w, https:\/\/rastosvet.rs\/wp-content\/uploads\/2025\/08\/temperature-controller-demo-150x150.jpg 150w, https:\/\/rastosvet.rs\/wp-content\/uploads\/2025\/08\/temperature-controller-demo-768x768.jpg 768w, https:\/\/rastosvet.rs\/wp-content\/uploads\/2025\/08\/temperature-controller-demo-350x350.jpg 350w, https:\/\/rastosvet.rs\/wp-content\/uploads\/2025\/08\/temperature-controller-demo-600x600.jpg 600w, https:\/\/rastosvet.rs\/wp-content\/uploads\/2025\/08\/temperature-controller-demo-100x100.jpg 100w\" sizes=\"(max-width: 800px) 100vw, 800px\" \/><\/p>\n<h3>Garancija<\/h3>\n<p>Va\u017ei uz izdati fiskalni ra\u010dun u periodu od dve godine.<\/p>\n<h3>Tehni\u010dke karakteristike<\/h3>\n<ul>\n<li>Napajanje: 230V~ \/ 50Hz<\/li>\n<li>Priklju\u010dna ja\u010dina struje: 6A (2A iduktivnog optere\u0107enja)<\/li>\n<li>Opseg merenja temperature: -50 &#8211; 125\u00b0C u koracima 0.1\u00b0C<\/li>\n<li>Opseg pode\u0161avanja temperature: -50 &#8211; 125\u00b0C u koracima 0.1\u00b0C<\/li>\n<li>Preciznost merenja temperature: \u00b10.1\u00b0C<\/li>\n<li>Tip senzora: NTC 10kohm \u00b10.5%, 0.5m du\u017eina<\/li>\n<li>Dimenzije: 60 x 45 x 31mm<\/li>\n<li>Radna temperatura ure\u0111aja: 0-50\u00b0C<\/li>\n<li>Masa: 53g<\/li>\n<\/ul>\n<h3>Va\u017eno<\/h3>\n<ul>\n<li><strong>Bezbednost<\/strong>: Nikada ne dodirujte \u017eice ure\u0111aja dok je pod naponom.<\/li>\n<li><strong>Monta\u017ea<\/strong>: Uvek isklju\u010dite struju pre nego \u0161to pove\u017eete ure\u0111aj.<\/li>\n<\/ul>\n","protected":false},"excerpt":{"rendered":"<p>Automatska kontrola napona zavisno od temperature! Opis: Temperaturni kontroler sa sondom i lako \u010ditljivim LED displejom Dva re\u017eima rada &#8211; grejanje i hla\u0111enje Jednostavno pode\u0161avanje temperaturnog opsega pomo\u0107u tastera LED crveni indikator rada Garancija Va\u017ei uz izdati fiskalni ra\u010dun u periodu od dve godine. Tehni\u010dke karakteristike Napajanje: 230V~ \/ 50Hz Priklju\u010dna ja\u010dina struje: 6A (2A [&hellip;]<\/p>\n","protected":false},"featured_media":1528,"comment_status":"open","ping_status":"closed","template":"","meta":[],"product_brand":[],"product_cat":[68],"product_tag":[],"class_list":{"0":"post-1527","1":"product","2":"type-product","3":"status-publish","4":"has-post-thumbnail","6":"product_cat-uredjaji","8":"first","9":"outofstock","10":"shipping-taxable","11":"purchasable","12":"product-type-simple"},"yoast_head":"<!-- This site is optimized with the Yoast SEO plugin v27.5 - https:\/\/yoast.com\/product\/yoast-seo-wordpress\/ -->\n<title>Kontroler temperature - termostat<\/title>\n<meta name=\"robots\" content=\"index, follow, max-snippet:-1, max-image-preview:large, max-video-preview:-1\" \/>\n<link rel=\"canonical\" href=\"https:\/\/rastosvet.rs\/sr-latin\/product\/termostat-xh-w3001\/\" \/>\n<meta property=\"og:locale\" content=\"bs_BA\" \/>\n<meta property=\"og:locale:alternate\" content=\"sr_RS\" \/>\n<meta property=\"og:type\" content=\"article\" \/>\n<meta property=\"og:title\" content=\"Kontroler temperature - termostat\" \/>\n<meta property=\"og:description\" content=\"Automatska kontrola napona zavisno od temperature! Opis: Temperaturni kontroler sa sondom i lako \u010ditljivim LED displejom Dva re\u017eima rada &#8211; grejanje i hla\u0111enje Jednostavno pode\u0161avanje temperaturnog opsega pomo\u0107u tastera LED crveni indikator rada Garancija Va\u017ei uz izdati fiskalni ra\u010dun u periodu od dve godine. Tehni\u010dke karakteristike Napajanje: 230V~ \/ 50Hz Priklju\u010dna ja\u010dina struje: 6A (2A [&hellip;]\" \/>\n<meta property=\"og:url\" content=\"https:\/\/rastosvet.rs\/sr-latin\/product\/termostat-xh-w3001\/\" \/>\n<meta property=\"og:site_name\" content=\"Rastosvet\" \/>\n<meta property=\"article:publisher\" content=\"https:\/\/www.facebook.com\/rastosvet\" \/>\n<meta property=\"article:modified_time\" content=\"2025-10-27T18:10:56+00:00\" \/>\n<meta property=\"og:image\" content=\"https:\/\/rastosvet.rs\/wp-content\/uploads\/2025\/08\/temperature-controller.jpg\" \/>\n\t<meta property=\"og:image:width\" content=\"900\" \/>\n\t<meta property=\"og:image:height\" content=\"900\" \/>\n\t<meta property=\"og:image:type\" content=\"image\/jpeg\" \/>\n<meta name=\"twitter:card\" content=\"summary_large_image\" \/>\n<meta name=\"twitter:site\" content=\"@rastosvet\" \/>\n<meta name=\"twitter:label1\" content=\"Est. reading time\" \/>\n\t<meta name=\"twitter:data1\" content=\"2 minute\" \/>\n<script type=\"application\/ld+json\" class=\"yoast-schema-graph\">{\"@context\":\"https:\\\/\\\/schema.org\",\"@graph\":[{\"@type\":\"WebPage\",\"@id\":\"https:\\\/\\\/rastosvet.rs\\\/sr-latin\\\/product\\\/termostat-xh-w3001\\\/\",\"url\":\"https:\\\/\\\/rastosvet.rs\\\/sr-latin\\\/product\\\/termostat-xh-w3001\\\/\",\"name\":\"Kontroler temperature - termostat\",\"isPartOf\":{\"@id\":\"https:\\\/\\\/rastosvet.rs\\\/#website\"},\"primaryImageOfPage\":{\"@id\":\"https:\\\/\\\/rastosvet.rs\\\/sr-latin\\\/product\\\/termostat-xh-w3001\\\/#primaryimage\"},\"image\":{\"@id\":\"https:\\\/\\\/rastosvet.rs\\\/sr-latin\\\/product\\\/termostat-xh-w3001\\\/#primaryimage\"},\"thumbnailUrl\":\"https:\\\/\\\/rastosvet.rs\\\/wp-content\\\/uploads\\\/2025\\\/08\\\/temperature-controller.jpg\",\"datePublished\":\"2025-08-03T21:28:12+00:00\",\"dateModified\":\"2025-10-27T18:10:56+00:00\",\"breadcrumb\":{\"@id\":\"https:\\\/\\\/rastosvet.rs\\\/sr-latin\\\/product\\\/termostat-xh-w3001\\\/#breadcrumb\"},\"inLanguage\":\"bs-BA\",\"potentialAction\":[{\"@type\":\"ReadAction\",\"target\":[\"https:\\\/\\\/rastosvet.rs\\\/sr-latin\\\/product\\\/termostat-xh-w3001\\\/\"]}]},{\"@type\":\"ImageObject\",\"inLanguage\":\"bs-BA\",\"@id\":\"https:\\\/\\\/rastosvet.rs\\\/sr-latin\\\/product\\\/termostat-xh-w3001\\\/#primaryimage\",\"url\":\"https:\\\/\\\/rastosvet.rs\\\/wp-content\\\/uploads\\\/2025\\\/08\\\/temperature-controller.jpg\",\"contentUrl\":\"https:\\\/\\\/rastosvet.rs\\\/wp-content\\\/uploads\\\/2025\\\/08\\\/temperature-controller.jpg\",\"width\":900,\"height\":900},{\"@type\":\"BreadcrumbList\",\"@id\":\"https:\\\/\\\/rastosvet.rs\\\/sr-latin\\\/product\\\/termostat-xh-w3001\\\/#breadcrumb\",\"itemListElement\":[{\"@type\":\"ListItem\",\"position\":1,\"name\":\"Home\",\"item\":\"https:\\\/\\\/rastosvet.rs\\\/\"},{\"@type\":\"ListItem\",\"position\":2,\"name\":\"\u041f\u0440\u043e\u0434\u0430\u0432\u043d\u0438\u0446\u0430\",\"item\":\"https:\\\/\\\/rastosvet.rs\\\/shop\\\/\"},{\"@type\":\"ListItem\",\"position\":3,\"name\":\"Kontroler temperature &#8211; termostat\"}]},{\"@type\":\"WebSite\",\"@id\":\"https:\\\/\\\/rastosvet.rs\\\/#website\",\"url\":\"https:\\\/\\\/rastosvet.rs\\\/\",\"name\":\"\u0420\u0430\u0441\u0442\u043e\u0441\u0432\u0435\u0442\",\"description\":\"Namenske sijalice\",\"publisher\":{\"@id\":\"https:\\\/\\\/rastosvet.rs\\\/#organization\"},\"potentialAction\":[{\"@type\":\"SearchAction\",\"target\":{\"@type\":\"EntryPoint\",\"urlTemplate\":\"https:\\\/\\\/rastosvet.rs\\\/?s={search_term_string}\"},\"query-input\":{\"@type\":\"PropertyValueSpecification\",\"valueRequired\":true,\"valueName\":\"search_term_string\"}}],\"inLanguage\":\"bs-BA\"},{\"@type\":\"Organization\",\"@id\":\"https:\\\/\\\/rastosvet.rs\\\/#organization\",\"name\":\"\u0420\u0430\u0441\u0442\u043e\u0441\u0432\u0435\u0442\",\"url\":\"https:\\\/\\\/rastosvet.rs\\\/\",\"logo\":{\"@type\":\"ImageObject\",\"inLanguage\":\"bs-BA\",\"@id\":\"https:\\\/\\\/rastosvet.rs\\\/#\\\/schema\\\/logo\\\/image\\\/\",\"url\":\"https:\\\/\\\/rastosvet.rs\\\/wp-content\\\/uploads\\\/2024\\\/02\\\/rastosvet-logo-feb-2024.png\",\"contentUrl\":\"https:\\\/\\\/rastosvet.rs\\\/wp-content\\\/uploads\\\/2024\\\/02\\\/rastosvet-logo-feb-2024.png\",\"width\":360,\"height\":80,\"caption\":\"\u0420\u0430\u0441\u0442\u043e\u0441\u0432\u0435\u0442\"},\"image\":{\"@id\":\"https:\\\/\\\/rastosvet.rs\\\/#\\\/schema\\\/logo\\\/image\\\/\"},\"sameAs\":[\"https:\\\/\\\/www.facebook.com\\\/rastosvet\",\"https:\\\/\\\/x.com\\\/rastosvet\",\"https:\\\/\\\/www.instagram.com\\\/rastosvet\"]}]}<\/script>\n<!-- \/ Yoast SEO plugin. -->","yoast_head_json":{"title":"Kontroler temperature - termostat","robots":{"index":"index","follow":"follow","max-snippet":"max-snippet:-1","max-image-preview":"max-image-preview:large","max-video-preview":"max-video-preview:-1"},"canonical":"https:\/\/rastosvet.rs\/sr-latin\/product\/termostat-xh-w3001\/","og_locale":"bs_BA","og_type":"article","og_title":"[:sr]\u041a\u043e\u043d\u0442\u0440\u043e\u043b\u0435\u0440 \u0442\u0435\u043c\u043f\u0435\u0440\u0430\u0442\u0443\u0440\u0435 - \u0442\u0435\u0440\u043c\u043e\u0441\u0442\u0430\u0442[:sr-latin]Kontroler temperature - termostat[:] - Rastosvet","og_description":"Automatska kontrola napona zavisno od temperature! Opis: Temperaturni kontroler sa sondom i lako \u010ditljivim LED displejom Dva re\u017eima rada &#8211; grejanje i hla\u0111enje Jednostavno pode\u0161avanje temperaturnog opsega pomo\u0107u tastera LED crveni indikator rada Garancija Va\u017ei uz izdati fiskalni ra\u010dun u periodu od dve godine. Tehni\u010dke karakteristike Napajanje: 230V~ \/ 50Hz Priklju\u010dna ja\u010dina struje: 6A (2A [&hellip;]","og_url":"https:\/\/rastosvet.rs\/sr-latin\/product\/termostat-xh-w3001\/","og_site_name":"Rastosvet","article_publisher":"https:\/\/www.facebook.com\/rastosvet","article_modified_time":"2025-10-27T18:10:56+00:00","og_image":[{"width":900,"height":900,"url":"https:\/\/rastosvet.rs\/wp-content\/uploads\/2025\/08\/temperature-controller.jpg","type":"image\/jpeg"}],"twitter_card":"summary_large_image","twitter_site":"@rastosvet","twitter_misc":{"Est. reading time":"2 minute"},"schema":{"@context":"https:\/\/schema.org","@graph":[{"@type":"WebPage","@id":"https:\/\/rastosvet.rs\/sr-latin\/product\/termostat-xh-w3001\/","url":"https:\/\/rastosvet.rs\/sr-latin\/product\/termostat-xh-w3001\/","name":"Kontroler temperature - termostat","isPartOf":{"@id":"https:\/\/rastosvet.rs\/#website"},"primaryImageOfPage":{"@id":"https:\/\/rastosvet.rs\/sr-latin\/product\/termostat-xh-w3001\/#primaryimage"},"image":{"@id":"https:\/\/rastosvet.rs\/sr-latin\/product\/termostat-xh-w3001\/#primaryimage"},"thumbnailUrl":"https:\/\/rastosvet.rs\/wp-content\/uploads\/2025\/08\/temperature-controller.jpg","datePublished":"2025-08-03T21:28:12+00:00","dateModified":"2025-10-27T18:10:56+00:00","breadcrumb":{"@id":"https:\/\/rastosvet.rs\/sr-latin\/product\/termostat-xh-w3001\/#breadcrumb"},"inLanguage":"bs-BA","potentialAction":[{"@type":"ReadAction","target":["https:\/\/rastosvet.rs\/sr-latin\/product\/termostat-xh-w3001\/"]}]},{"@type":"ImageObject","inLanguage":"bs-BA","@id":"https:\/\/rastosvet.rs\/sr-latin\/product\/termostat-xh-w3001\/#primaryimage","url":"https:\/\/rastosvet.rs\/wp-content\/uploads\/2025\/08\/temperature-controller.jpg","contentUrl":"https:\/\/rastosvet.rs\/wp-content\/uploads\/2025\/08\/temperature-controller.jpg","width":900,"height":900},{"@type":"BreadcrumbList","@id":"https:\/\/rastosvet.rs\/sr-latin\/product\/termostat-xh-w3001\/#breadcrumb","itemListElement":[{"@type":"ListItem","position":1,"name":"Home","item":"https:\/\/rastosvet.rs\/"},{"@type":"ListItem","position":2,"name":"\u041f\u0440\u043e\u0434\u0430\u0432\u043d\u0438\u0446\u0430","item":"https:\/\/rastosvet.rs\/shop\/"},{"@type":"ListItem","position":3,"name":"Kontroler temperature &#8211; termostat"}]},{"@type":"WebSite","@id":"https:\/\/rastosvet.rs\/#website","url":"https:\/\/rastosvet.rs\/","name":"\u0420\u0430\u0441\u0442\u043e\u0441\u0432\u0435\u0442","description":"Namenske sijalice","publisher":{"@id":"https:\/\/rastosvet.rs\/#organization"},"potentialAction":[{"@type":"SearchAction","target":{"@type":"EntryPoint","urlTemplate":"https:\/\/rastosvet.rs\/?s={search_term_string}"},"query-input":{"@type":"PropertyValueSpecification","valueRequired":true,"valueName":"search_term_string"}}],"inLanguage":"bs-BA"},{"@type":"Organization","@id":"https:\/\/rastosvet.rs\/#organization","name":"\u0420\u0430\u0441\u0442\u043e\u0441\u0432\u0435\u0442","url":"https:\/\/rastosvet.rs\/","logo":{"@type":"ImageObject","inLanguage":"bs-BA","@id":"https:\/\/rastosvet.rs\/#\/schema\/logo\/image\/","url":"https:\/\/rastosvet.rs\/wp-content\/uploads\/2024\/02\/rastosvet-logo-feb-2024.png","contentUrl":"https:\/\/rastosvet.rs\/wp-content\/uploads\/2024\/02\/rastosvet-logo-feb-2024.png","width":360,"height":80,"caption":"\u0420\u0430\u0441\u0442\u043e\u0441\u0432\u0435\u0442"},"image":{"@id":"https:\/\/rastosvet.rs\/#\/schema\/logo\/image\/"},"sameAs":["https:\/\/www.facebook.com\/rastosvet","https:\/\/x.com\/rastosvet","https:\/\/www.instagram.com\/rastosvet"]}]}},"jetpack_sharing_enabled":true,"_links":{"self":[{"href":"https:\/\/rastosvet.rs\/sr-latin\/wp-json\/wp\/v2\/product\/1527","targetHints":{"allow":["GET"]}}],"collection":[{"href":"https:\/\/rastosvet.rs\/sr-latin\/wp-json\/wp\/v2\/product"}],"about":[{"href":"https:\/\/rastosvet.rs\/sr-latin\/wp-json\/wp\/v2\/types\/product"}],"replies":[{"embeddable":true,"href":"https:\/\/rastosvet.rs\/sr-latin\/wp-json\/wp\/v2\/comments?post=1527"}],"wp:featuredmedia":[{"embeddable":true,"href":"https:\/\/rastosvet.rs\/sr-latin\/wp-json\/wp\/v2\/media\/1528"}],"wp:attachment":[{"href":"https:\/\/rastosvet.rs\/sr-latin\/wp-json\/wp\/v2\/media?parent=1527"}],"wp:term":[{"taxonomy":"product_brand","embeddable":true,"href":"https:\/\/rastosvet.rs\/sr-latin\/wp-json\/wp\/v2\/product_brand?post=1527"},{"taxonomy":"product_cat","embeddable":true,"href":"https:\/\/rastosvet.rs\/sr-latin\/wp-json\/wp\/v2\/product_cat?post=1527"},{"taxonomy":"product_tag","embeddable":true,"href":"https:\/\/rastosvet.rs\/sr-latin\/wp-json\/wp\/v2\/product_tag?post=1527"}],"curies":[{"name":"wp","href":"https:\/\/api.w.org\/{rel}","templated":true}]}}