{"id":1869,"date":"2025-12-24T00:21:54","date_gmt":"2025-12-24T00:21:54","guid":{"rendered":"https:\/\/rastosvet.rs\/?post_type=product&#038;p=1869"},"modified":"2026-04-24T11:38:52","modified_gmt":"2026-04-24T11:38:52","slug":"grejna-podloga-7w","status":"publish","type":"product","link":"https:\/\/rastosvet.rs\/sr-latin\/product\/grejna-podloga-7w\/","title":{"rendered":"Grejna podloga za gmizavce 7w"},"content":{"rendered":"<p>Grejna podloga se koristi da obezbedi toplotu u terrarijumu za gmizace i druge hladnokrvne \u017eivotinje.<\/p>\n<h3>Namena<\/h3>\n<p>Prvenstveno je namenjeno za \u017eivotinjice koje su aktivnije no\u0107u:<\/p>\n<ul>\n<li>gekoni:\n<ul>\n<li>krestasti,<\/li>\n<li>leopard,<\/li>\n<li>gargojl i<\/li>\n<li>razni pe\u0161\u010dani gekoni &#8211; jemenski i sli\u010dni,<\/li>\n<\/ul>\n<\/li>\n<li>zmije:\n<ul>\n<li>loptasti piton,<\/li>\n<li>kukuruzni smuk.<\/li>\n<\/ul>\n<\/li>\n<\/ul>\n<h3>Karakteristike<\/h3>\n<ul>\n<li>tanka i fleksibilna,<\/li>\n<li>emituje konstantnu, blagu toplotu, koja zagreva supstrat (podlogu) i porostor u neposrednoj blizini,<\/li>\n<li>poma\u017ee reptilima da odr\u017ee optimalnu telesnu temperaturu za varenje, metabolizam i aktivnost.<\/li>\n<\/ul>\n<h3>Garancija<\/h3>\n<p>Mesec dana. Ispravnost svakog ure\u0111aja se proverava pre slanja.<\/p>\n<h3>Pozicija<\/h3>\n<p>Postavlja se ispod ili sa strane terrarijuma (spolja).<\/p>\n<p><strong>Nipo\u0161to<\/strong>\u00a0pokrivati vi\u0161e od polovine podno\u017eja terarijuma ili vi\u0161e od jedne stranice terarijuma!<\/p>\n<p>U suprotnom, rizikujete od pregravanja va\u0161eg ljubimca.<\/p>\n<h3>Vreme rada<\/h3>\n<p>Za no\u0107ne gmizavce preporu\u010deno je koristi no\u0107u da bi se ubla\u017eili no\u0107ni padovi u temperaturi. Za gmizavce aktivne tokom dana, mo\u017ee se koristiti kao dodatni izvor toplote tokom dana.<\/p>\n<h3>Va\u017eno<\/h3>\n<ul>\n<li><strong>Bezbednost<\/strong>: Vodootporno na vlagu i manje koli\u010dine vode (kapi) ali nije namenjno za vodu,<\/li>\n<li><strong>Prepruka<\/strong>: koristiti uz termostat za kontrolu temperature.<\/li>\n<\/ul>\n","protected":false},"excerpt":{"rendered":"<p>Grejna podloga se koristi da obezbedi toplotu u terrarijumu za gmizace i druge hladnokrvne \u017eivotinje. Namena Prvenstveno je namenjeno za \u017eivotinjice koje su aktivnije no\u0107u: gekoni: krestasti, leopard, gargojl i razni pe\u0161\u010dani gekoni &#8211; jemenski i sli\u010dni, zmije: loptasti piton, kukuruzni smuk. Karakteristike tanka i fleksibilna, emituje konstantnu, blagu toplotu, koja zagreva supstrat (podlogu) i [&hellip;]<\/p>\n","protected":false},"featured_media":1870,"comment_status":"open","ping_status":"closed","template":"","meta":[],"product_brand":[],"product_cat":[69],"product_tag":[],"class_list":{"0":"post-1869","1":"product","2":"type-product","3":"status-publish","4":"has-post-thumbnail","6":"product_cat-podloge-za-grejanje","8":"first","9":"instock","10":"shipping-taxable","11":"purchasable","12":"product-type-simple"},"yoast_head":"<!-- This site is optimized with the Yoast SEO plugin v27.5 - https:\/\/yoast.com\/product\/yoast-seo-wordpress\/ -->\n<title>Grejna podloga za gmizavce 7w<\/title>\n<meta name=\"robots\" content=\"index, follow, max-snippet:-1, max-image-preview:large, max-video-preview:-1\" \/>\n<link rel=\"canonical\" href=\"https:\/\/rastosvet.rs\/sr-latin\/product\/grejna-podloga-7w\/\" \/>\n<meta property=\"og:locale\" content=\"bs_BA\" \/>\n<meta property=\"og:locale:alternate\" content=\"sr_RS\" \/>\n<meta property=\"og:type\" content=\"article\" \/>\n<meta property=\"og:title\" content=\"Grejna podloga za gmizavce 7w\" \/>\n<meta property=\"og:description\" content=\"Grejna podloga se koristi da obezbedi toplotu u terrarijumu za gmizace i druge hladnokrvne \u017eivotinje. Namena Prvenstveno je namenjeno za \u017eivotinjice koje su aktivnije no\u0107u: gekoni: krestasti, leopard, gargojl i razni pe\u0161\u010dani gekoni &#8211; jemenski i sli\u010dni, zmije: loptasti piton, kukuruzni smuk. Karakteristike tanka i fleksibilna, emituje konstantnu, blagu toplotu, koja zagreva supstrat (podlogu) i [&hellip;]\" \/>\n<meta property=\"og:url\" content=\"https:\/\/rastosvet.rs\/sr-latin\/product\/grejna-podloga-7w\/\" \/>\n<meta property=\"og:site_name\" content=\"Rastosvet\" \/>\n<meta property=\"article:publisher\" content=\"https:\/\/www.facebook.com\/rastosvet\" \/>\n<meta property=\"article:modified_time\" content=\"2026-04-24T11:38:52+00:00\" \/>\n<meta property=\"og:image\" content=\"https:\/\/rastosvet.rs\/wp-content\/uploads\/2025\/12\/heat-pad-7w.png\" \/>\n\t<meta property=\"og:image:width\" content=\"900\" \/>\n\t<meta property=\"og:image:height\" content=\"900\" \/>\n\t<meta property=\"og:image:type\" content=\"image\/png\" \/>\n<meta name=\"twitter:card\" content=\"summary_large_image\" \/>\n<meta name=\"twitter:site\" content=\"@rastosvet\" \/>\n<meta name=\"twitter:label1\" content=\"Est. reading time\" \/>\n\t<meta name=\"twitter:data1\" content=\"2 minute\" \/>\n<script type=\"application\/ld+json\" class=\"yoast-schema-graph\">{\"@context\":\"https:\\\/\\\/schema.org\",\"@graph\":[{\"@type\":\"WebPage\",\"@id\":\"https:\\\/\\\/rastosvet.rs\\\/sr-latin\\\/product\\\/grejna-podloga-7w\\\/\",\"url\":\"https:\\\/\\\/rastosvet.rs\\\/sr-latin\\\/product\\\/grejna-podloga-7w\\\/\",\"name\":\"Grejna podloga za gmizavce 7w\",\"isPartOf\":{\"@id\":\"https:\\\/\\\/rastosvet.rs\\\/#website\"},\"primaryImageOfPage\":{\"@id\":\"https:\\\/\\\/rastosvet.rs\\\/sr-latin\\\/product\\\/grejna-podloga-7w\\\/#primaryimage\"},\"image\":{\"@id\":\"https:\\\/\\\/rastosvet.rs\\\/sr-latin\\\/product\\\/grejna-podloga-7w\\\/#primaryimage\"},\"thumbnailUrl\":\"https:\\\/\\\/rastosvet.rs\\\/wp-content\\\/uploads\\\/2025\\\/12\\\/heat-pad-7w.png\",\"datePublished\":\"2025-12-24T00:21:54+00:00\",\"dateModified\":\"2026-04-24T11:38:52+00:00\",\"breadcrumb\":{\"@id\":\"https:\\\/\\\/rastosvet.rs\\\/sr-latin\\\/product\\\/grejna-podloga-7w\\\/#breadcrumb\"},\"inLanguage\":\"bs-BA\",\"potentialAction\":[{\"@type\":\"ReadAction\",\"target\":[\"https:\\\/\\\/rastosvet.rs\\\/sr-latin\\\/product\\\/grejna-podloga-7w\\\/\"]}]},{\"@type\":\"ImageObject\",\"inLanguage\":\"bs-BA\",\"@id\":\"https:\\\/\\\/rastosvet.rs\\\/sr-latin\\\/product\\\/grejna-podloga-7w\\\/#primaryimage\",\"url\":\"https:\\\/\\\/rastosvet.rs\\\/wp-content\\\/uploads\\\/2025\\\/12\\\/heat-pad-7w.png\",\"contentUrl\":\"https:\\\/\\\/rastosvet.rs\\\/wp-content\\\/uploads\\\/2025\\\/12\\\/heat-pad-7w.png\",\"width\":900,\"height\":900},{\"@type\":\"BreadcrumbList\",\"@id\":\"https:\\\/\\\/rastosvet.rs\\\/sr-latin\\\/product\\\/grejna-podloga-7w\\\/#breadcrumb\",\"itemListElement\":[{\"@type\":\"ListItem\",\"position\":1,\"name\":\"Home\",\"item\":\"https:\\\/\\\/rastosvet.rs\\\/\"},{\"@type\":\"ListItem\",\"position\":2,\"name\":\"\u041f\u0440\u043e\u0434\u0430\u0432\u043d\u0438\u0446\u0430\",\"item\":\"https:\\\/\\\/rastosvet.rs\\\/shop\\\/\"},{\"@type\":\"ListItem\",\"position\":3,\"name\":\"Grejna podloga za gmizavce 7w\"}]},{\"@type\":\"WebSite\",\"@id\":\"https:\\\/\\\/rastosvet.rs\\\/#website\",\"url\":\"https:\\\/\\\/rastosvet.rs\\\/\",\"name\":\"\u0420\u0430\u0441\u0442\u043e\u0441\u0432\u0435\u0442\",\"description\":\"Namenske sijalice\",\"publisher\":{\"@id\":\"https:\\\/\\\/rastosvet.rs\\\/#organization\"},\"potentialAction\":[{\"@type\":\"SearchAction\",\"target\":{\"@type\":\"EntryPoint\",\"urlTemplate\":\"https:\\\/\\\/rastosvet.rs\\\/?s={search_term_string}\"},\"query-input\":{\"@type\":\"PropertyValueSpecification\",\"valueRequired\":true,\"valueName\":\"search_term_string\"}}],\"inLanguage\":\"bs-BA\"},{\"@type\":\"Organization\",\"@id\":\"https:\\\/\\\/rastosvet.rs\\\/#organization\",\"name\":\"\u0420\u0430\u0441\u0442\u043e\u0441\u0432\u0435\u0442\",\"url\":\"https:\\\/\\\/rastosvet.rs\\\/\",\"logo\":{\"@type\":\"ImageObject\",\"inLanguage\":\"bs-BA\",\"@id\":\"https:\\\/\\\/rastosvet.rs\\\/#\\\/schema\\\/logo\\\/image\\\/\",\"url\":\"https:\\\/\\\/rastosvet.rs\\\/wp-content\\\/uploads\\\/2024\\\/02\\\/rastosvet-logo-feb-2024.png\",\"contentUrl\":\"https:\\\/\\\/rastosvet.rs\\\/wp-content\\\/uploads\\\/2024\\\/02\\\/rastosvet-logo-feb-2024.png\",\"width\":360,\"height\":80,\"caption\":\"\u0420\u0430\u0441\u0442\u043e\u0441\u0432\u0435\u0442\"},\"image\":{\"@id\":\"https:\\\/\\\/rastosvet.rs\\\/#\\\/schema\\\/logo\\\/image\\\/\"},\"sameAs\":[\"https:\\\/\\\/www.facebook.com\\\/rastosvet\",\"https:\\\/\\\/x.com\\\/rastosvet\",\"https:\\\/\\\/www.instagram.com\\\/rastosvet\"]}]}<\/script>\n<!-- \/ Yoast SEO plugin. -->","yoast_head_json":{"title":"Grejna podloga za gmizavce 7w","robots":{"index":"index","follow":"follow","max-snippet":"max-snippet:-1","max-image-preview":"max-image-preview:large","max-video-preview":"max-video-preview:-1"},"canonical":"https:\/\/rastosvet.rs\/sr-latin\/product\/grejna-podloga-7w\/","og_locale":"bs_BA","og_type":"article","og_title":"[:sr]\u0413\u0440\u0435\u0458\u043d\u0430 \u043f\u043e\u0434\u043b\u043e\u0433\u0430 \u0437\u0430 \u0433\u043c\u0438\u0437\u0430\u0432\u0446\u0435 7 \u0432\u0430\u0442\u0438[:sr-latin]Grejna podloga za gmizavce 7w[:] - Rastosvet","og_description":"Grejna podloga se koristi da obezbedi toplotu u terrarijumu za gmizace i druge hladnokrvne \u017eivotinje. Namena Prvenstveno je namenjeno za \u017eivotinjice koje su aktivnije no\u0107u: gekoni: krestasti, leopard, gargojl i razni pe\u0161\u010dani gekoni &#8211; jemenski i sli\u010dni, zmije: loptasti piton, kukuruzni smuk. Karakteristike tanka i fleksibilna, emituje konstantnu, blagu toplotu, koja zagreva supstrat (podlogu) i [&hellip;]","og_url":"https:\/\/rastosvet.rs\/sr-latin\/product\/grejna-podloga-7w\/","og_site_name":"Rastosvet","article_publisher":"https:\/\/www.facebook.com\/rastosvet","article_modified_time":"2026-04-24T11:38:52+00:00","og_image":[{"width":900,"height":900,"url":"https:\/\/rastosvet.rs\/wp-content\/uploads\/2025\/12\/heat-pad-7w.png","type":"image\/png"}],"twitter_card":"summary_large_image","twitter_site":"@rastosvet","twitter_misc":{"Est. reading time":"2 minute"},"schema":{"@context":"https:\/\/schema.org","@graph":[{"@type":"WebPage","@id":"https:\/\/rastosvet.rs\/sr-latin\/product\/grejna-podloga-7w\/","url":"https:\/\/rastosvet.rs\/sr-latin\/product\/grejna-podloga-7w\/","name":"Grejna podloga za gmizavce 7w","isPartOf":{"@id":"https:\/\/rastosvet.rs\/#website"},"primaryImageOfPage":{"@id":"https:\/\/rastosvet.rs\/sr-latin\/product\/grejna-podloga-7w\/#primaryimage"},"image":{"@id":"https:\/\/rastosvet.rs\/sr-latin\/product\/grejna-podloga-7w\/#primaryimage"},"thumbnailUrl":"https:\/\/rastosvet.rs\/wp-content\/uploads\/2025\/12\/heat-pad-7w.png","datePublished":"2025-12-24T00:21:54+00:00","dateModified":"2026-04-24T11:38:52+00:00","breadcrumb":{"@id":"https:\/\/rastosvet.rs\/sr-latin\/product\/grejna-podloga-7w\/#breadcrumb"},"inLanguage":"bs-BA","potentialAction":[{"@type":"ReadAction","target":["https:\/\/rastosvet.rs\/sr-latin\/product\/grejna-podloga-7w\/"]}]},{"@type":"ImageObject","inLanguage":"bs-BA","@id":"https:\/\/rastosvet.rs\/sr-latin\/product\/grejna-podloga-7w\/#primaryimage","url":"https:\/\/rastosvet.rs\/wp-content\/uploads\/2025\/12\/heat-pad-7w.png","contentUrl":"https:\/\/rastosvet.rs\/wp-content\/uploads\/2025\/12\/heat-pad-7w.png","width":900,"height":900},{"@type":"BreadcrumbList","@id":"https:\/\/rastosvet.rs\/sr-latin\/product\/grejna-podloga-7w\/#breadcrumb","itemListElement":[{"@type":"ListItem","position":1,"name":"Home","item":"https:\/\/rastosvet.rs\/"},{"@type":"ListItem","position":2,"name":"\u041f\u0440\u043e\u0434\u0430\u0432\u043d\u0438\u0446\u0430","item":"https:\/\/rastosvet.rs\/shop\/"},{"@type":"ListItem","position":3,"name":"Grejna podloga za gmizavce 7w"}]},{"@type":"WebSite","@id":"https:\/\/rastosvet.rs\/#website","url":"https:\/\/rastosvet.rs\/","name":"\u0420\u0430\u0441\u0442\u043e\u0441\u0432\u0435\u0442","description":"Namenske sijalice","publisher":{"@id":"https:\/\/rastosvet.rs\/#organization"},"potentialAction":[{"@type":"SearchAction","target":{"@type":"EntryPoint","urlTemplate":"https:\/\/rastosvet.rs\/?s={search_term_string}"},"query-input":{"@type":"PropertyValueSpecification","valueRequired":true,"valueName":"search_term_string"}}],"inLanguage":"bs-BA"},{"@type":"Organization","@id":"https:\/\/rastosvet.rs\/#organization","name":"\u0420\u0430\u0441\u0442\u043e\u0441\u0432\u0435\u0442","url":"https:\/\/rastosvet.rs\/","logo":{"@type":"ImageObject","inLanguage":"bs-BA","@id":"https:\/\/rastosvet.rs\/#\/schema\/logo\/image\/","url":"https:\/\/rastosvet.rs\/wp-content\/uploads\/2024\/02\/rastosvet-logo-feb-2024.png","contentUrl":"https:\/\/rastosvet.rs\/wp-content\/uploads\/2024\/02\/rastosvet-logo-feb-2024.png","width":360,"height":80,"caption":"\u0420\u0430\u0441\u0442\u043e\u0441\u0432\u0435\u0442"},"image":{"@id":"https:\/\/rastosvet.rs\/#\/schema\/logo\/image\/"},"sameAs":["https:\/\/www.facebook.com\/rastosvet","https:\/\/x.com\/rastosvet","https:\/\/www.instagram.com\/rastosvet"]}]}},"jetpack_sharing_enabled":true,"_links":{"self":[{"href":"https:\/\/rastosvet.rs\/sr-latin\/wp-json\/wp\/v2\/product\/1869","targetHints":{"allow":["GET"]}}],"collection":[{"href":"https:\/\/rastosvet.rs\/sr-latin\/wp-json\/wp\/v2\/product"}],"about":[{"href":"https:\/\/rastosvet.rs\/sr-latin\/wp-json\/wp\/v2\/types\/product"}],"replies":[{"embeddable":true,"href":"https:\/\/rastosvet.rs\/sr-latin\/wp-json\/wp\/v2\/comments?post=1869"}],"wp:featuredmedia":[{"embeddable":true,"href":"https:\/\/rastosvet.rs\/sr-latin\/wp-json\/wp\/v2\/media\/1870"}],"wp:attachment":[{"href":"https:\/\/rastosvet.rs\/sr-latin\/wp-json\/wp\/v2\/media?parent=1869"}],"wp:term":[{"taxonomy":"product_brand","embeddable":true,"href":"https:\/\/rastosvet.rs\/sr-latin\/wp-json\/wp\/v2\/product_brand?post=1869"},{"taxonomy":"product_cat","embeddable":true,"href":"https:\/\/rastosvet.rs\/sr-latin\/wp-json\/wp\/v2\/product_cat?post=1869"},{"taxonomy":"product_tag","embeddable":true,"href":"https:\/\/rastosvet.rs\/sr-latin\/wp-json\/wp\/v2\/product_tag?post=1869"}],"curies":[{"name":"wp","href":"https:\/\/api.w.org\/{rel}","templated":true}]}}