{"id":1913,"date":"2026-01-09T12:45:33","date_gmt":"2026-01-09T12:45:33","guid":{"rendered":"https:\/\/rastosvet.rs\/?post_type=product&#038;p=1913"},"modified":"2026-01-22T17:56:23","modified_gmt":"2026-01-22T17:56:23","slug":"grejac-za-akvarijum-celicni-50w","status":"publish","type":"product","link":"https:\/\/rastosvet.rs\/sr-latin\/product\/grejac-za-akvarijum-celicni-50w\/","title":{"rendered":"Greja\u010d za akvarijum &#8211; \u010deli\u010dni &#8211; 50w"},"content":{"rendered":"<p data-path-to-node=\"3\">Greja\u010di od ner\u0111aju\u0107eg \u010delika dizajnirani su da obezbede preciznu kontrolu temperature i pouzdano grejanje akvarijuma, osiguravaju\u0107i prijatno okru\u017eenje za \u017eivi svet u vodi.<\/p>\n<p data-path-to-node=\"4\">Izra\u0111eni od uvoznog ner\u0111aju\u0107eg \u010delika 304, ovi greja\u010di poseduju visoku otpornost na koroziju, \u0161to ih \u010dini savr\u0161enim za dugotrajnu upotrebu u va\u0161em akvarijumu.<\/p>\n<p data-path-to-node=\"5\">Na\u0161i greja\u010di koriste kvalitetne bimetale poznate po svojoj izuzetnoj osetljivosti, \u0161to garantuje precizno o\u010ditavanje temperature. Opseg rada je od 18 do 34\u00b0C sa ta\u010dno\u0161\u0107u od \u00b1 1\u00b0C, pru\u017eaju\u0107i optimalnu kontrolu za dobrobit va\u0161ih akvarijumskih stanovnika.<\/p>\n<p data-path-to-node=\"6\">Unutar ku\u0107i\u0161ta, grejna \u017eica visoke otpornosti osigurava ravnomerno i stabilno grejanje. Efikasna distribucija toplote doprinosi stvaranju idealnog i komfornog ambijenta.<\/p>\n<p data-path-to-node=\"7\">Bezbednost je na prvom mestu \u2013 grejne \u0161ipke poseduju dupli vodootporni zaptivni prsten. Sa stepenom za\u0161tite IP68, ovi greja\u010di su predvi\u0111eni za potpuno potapanje u vodu, \u010dime se osigurava nesmetan rad uz minimalan rizik.<\/p>\n<h3 data-path-to-node=\"8\">Okvirne dimenzije<\/h3>\n<ul data-path-to-node=\"9\">\n<li><b data-path-to-node=\"9,1,0\" data-index-in-node=\"0\">50W:<\/b>\u00a03x3x19 cm<\/li>\n<\/ul>\n<h3>Namena<\/h3>\n<p>Za akvarijume od 50 do 100 litara.<i data-path-to-node=\"12\" data-index-in-node=\"0\"><\/i><\/p>\n<h3>Garancija<\/h3>\n<p>Mesec dana. Ispravnost svakog ure\u0111aja se proverava pre slanja.<\/p>\n<h3>Pozicija<\/h3>\n<p>Postavlja se unutar akvarijuma, ispod nivoa vode, potpuno potopljeno.<\/p>\n<h3>Va\u017eno<\/h3>\n<ul>\n<li><strong>Bezbednost<\/strong>: urek prvo proverite da je greja\u010d isklju\u010den iz stuje pre rada sa njim,<\/li>\n<li><strong>Prepruka<\/strong>: ako ga pomerate, sa\u010dekajte da se prvo ohladi.<\/li>\n<\/ul>\n","protected":false},"excerpt":{"rendered":"<p>Greja\u010di od ner\u0111aju\u0107eg \u010delika dizajnirani su da obezbede preciznu kontrolu temperature i pouzdano grejanje akvarijuma, osiguravaju\u0107i prijatno okru\u017eenje za \u017eivi svet u vodi. Izra\u0111eni od uvoznog ner\u0111aju\u0107eg \u010delika 304, ovi greja\u010di poseduju visoku otpornost na koroziju, \u0161to ih \u010dini savr\u0161enim za dugotrajnu upotrebu u va\u0161em akvarijumu. Na\u0161i greja\u010di koriste kvalitetne bimetale poznate po svojoj izuzetnoj [&hellip;]<\/p>\n","protected":false},"featured_media":1914,"comment_status":"open","ping_status":"closed","template":"","meta":[],"product_brand":[],"product_cat":[68],"product_tag":[],"class_list":{"0":"post-1913","1":"product","2":"type-product","3":"status-publish","4":"has-post-thumbnail","6":"product_cat-uredjaji","8":"first","9":"instock","10":"shipping-taxable","11":"purchasable","12":"product-type-simple"},"yoast_head":"<!-- This site is optimized with the Yoast SEO plugin v27.5 - https:\/\/yoast.com\/product\/yoast-seo-wordpress\/ -->\n<title>Greja\u010d za akvarijum - \u010deli\u010dni - 50w<\/title>\n<meta name=\"robots\" content=\"index, follow, max-snippet:-1, max-image-preview:large, max-video-preview:-1\" \/>\n<link rel=\"canonical\" href=\"https:\/\/rastosvet.rs\/sr-latin\/product\/grejac-za-akvarijum-celicni-50w\/\" \/>\n<meta property=\"og:locale\" content=\"bs_BA\" \/>\n<meta property=\"og:locale:alternate\" content=\"sr_RS\" \/>\n<meta property=\"og:type\" content=\"article\" \/>\n<meta property=\"og:title\" content=\"Greja\u010d za akvarijum - \u010deli\u010dni - 50w\" \/>\n<meta property=\"og:description\" content=\"Greja\u010di od ner\u0111aju\u0107eg \u010delika dizajnirani su da obezbede preciznu kontrolu temperature i pouzdano grejanje akvarijuma, osiguravaju\u0107i prijatno okru\u017eenje za \u017eivi svet u vodi. Izra\u0111eni od uvoznog ner\u0111aju\u0107eg \u010delika 304, ovi greja\u010di poseduju visoku otpornost na koroziju, \u0161to ih \u010dini savr\u0161enim za dugotrajnu upotrebu u va\u0161em akvarijumu. Na\u0161i greja\u010di koriste kvalitetne bimetale poznate po svojoj izuzetnoj [&hellip;]\" \/>\n<meta property=\"og:url\" content=\"https:\/\/rastosvet.rs\/sr-latin\/product\/grejac-za-akvarijum-celicni-50w\/\" \/>\n<meta property=\"og:site_name\" content=\"Rastosvet\" \/>\n<meta property=\"article:publisher\" content=\"https:\/\/www.facebook.com\/rastosvet\" \/>\n<meta property=\"article:modified_time\" content=\"2026-01-22T17:56:23+00:00\" \/>\n<meta property=\"og:image\" content=\"https:\/\/rastosvet.rs\/wp-content\/uploads\/2026\/01\/aq-steel-heater-19cm-50w.png\" \/>\n\t<meta property=\"og:image:width\" content=\"900\" \/>\n\t<meta property=\"og:image:height\" content=\"900\" \/>\n\t<meta property=\"og:image:type\" content=\"image\/png\" \/>\n<meta name=\"twitter:card\" content=\"summary_large_image\" \/>\n<meta name=\"twitter:site\" content=\"@rastosvet\" \/>\n<meta name=\"twitter:label1\" content=\"Est. reading time\" \/>\n\t<meta name=\"twitter:data1\" content=\"2 minute\" \/>\n<script type=\"application\/ld+json\" class=\"yoast-schema-graph\">{\"@context\":\"https:\\\/\\\/schema.org\",\"@graph\":[{\"@type\":\"WebPage\",\"@id\":\"https:\\\/\\\/rastosvet.rs\\\/sr-latin\\\/product\\\/grejac-za-akvarijum-celicni-50w\\\/\",\"url\":\"https:\\\/\\\/rastosvet.rs\\\/sr-latin\\\/product\\\/grejac-za-akvarijum-celicni-50w\\\/\",\"name\":\"Greja\u010d za akvarijum - \u010deli\u010dni - 50w\",\"isPartOf\":{\"@id\":\"https:\\\/\\\/rastosvet.rs\\\/#website\"},\"primaryImageOfPage\":{\"@id\":\"https:\\\/\\\/rastosvet.rs\\\/sr-latin\\\/product\\\/grejac-za-akvarijum-celicni-50w\\\/#primaryimage\"},\"image\":{\"@id\":\"https:\\\/\\\/rastosvet.rs\\\/sr-latin\\\/product\\\/grejac-za-akvarijum-celicni-50w\\\/#primaryimage\"},\"thumbnailUrl\":\"https:\\\/\\\/rastosvet.rs\\\/wp-content\\\/uploads\\\/2026\\\/01\\\/aq-steel-heater-19cm-50w.png\",\"datePublished\":\"2026-01-09T12:45:33+00:00\",\"dateModified\":\"2026-01-22T17:56:23+00:00\",\"breadcrumb\":{\"@id\":\"https:\\\/\\\/rastosvet.rs\\\/sr-latin\\\/product\\\/grejac-za-akvarijum-celicni-50w\\\/#breadcrumb\"},\"inLanguage\":\"bs-BA\",\"potentialAction\":[{\"@type\":\"ReadAction\",\"target\":[\"https:\\\/\\\/rastosvet.rs\\\/sr-latin\\\/product\\\/grejac-za-akvarijum-celicni-50w\\\/\"]}]},{\"@type\":\"ImageObject\",\"inLanguage\":\"bs-BA\",\"@id\":\"https:\\\/\\\/rastosvet.rs\\\/sr-latin\\\/product\\\/grejac-za-akvarijum-celicni-50w\\\/#primaryimage\",\"url\":\"https:\\\/\\\/rastosvet.rs\\\/wp-content\\\/uploads\\\/2026\\\/01\\\/aq-steel-heater-19cm-50w.png\",\"contentUrl\":\"https:\\\/\\\/rastosvet.rs\\\/wp-content\\\/uploads\\\/2026\\\/01\\\/aq-steel-heater-19cm-50w.png\",\"width\":900,\"height\":900},{\"@type\":\"BreadcrumbList\",\"@id\":\"https:\\\/\\\/rastosvet.rs\\\/sr-latin\\\/product\\\/grejac-za-akvarijum-celicni-50w\\\/#breadcrumb\",\"itemListElement\":[{\"@type\":\"ListItem\",\"position\":1,\"name\":\"Home\",\"item\":\"https:\\\/\\\/rastosvet.rs\\\/\"},{\"@type\":\"ListItem\",\"position\":2,\"name\":\"\u041f\u0440\u043e\u0434\u0430\u0432\u043d\u0438\u0446\u0430\",\"item\":\"https:\\\/\\\/rastosvet.rs\\\/shop\\\/\"},{\"@type\":\"ListItem\",\"position\":3,\"name\":\"\u0413\u0440\u0435\u0458\u0430\u0447 \u0437\u0430 \u0430\u043a\u0432\u0430\u0440\u0438\u0458\u0443\u043c &#8211; \u0447\u0435\u043b\u0438\u0447\u043d\u0438 &#8211; 50 \u0432\u0430\u0442\u0438\"}]},{\"@type\":\"WebSite\",\"@id\":\"https:\\\/\\\/rastosvet.rs\\\/#website\",\"url\":\"https:\\\/\\\/rastosvet.rs\\\/\",\"name\":\"\u0420\u0430\u0441\u0442\u043e\u0441\u0432\u0435\u0442\",\"description\":\"Namenske sijalice\",\"publisher\":{\"@id\":\"https:\\\/\\\/rastosvet.rs\\\/#organization\"},\"potentialAction\":[{\"@type\":\"SearchAction\",\"target\":{\"@type\":\"EntryPoint\",\"urlTemplate\":\"https:\\\/\\\/rastosvet.rs\\\/?s={search_term_string}\"},\"query-input\":{\"@type\":\"PropertyValueSpecification\",\"valueRequired\":true,\"valueName\":\"search_term_string\"}}],\"inLanguage\":\"bs-BA\"},{\"@type\":\"Organization\",\"@id\":\"https:\\\/\\\/rastosvet.rs\\\/#organization\",\"name\":\"\u0420\u0430\u0441\u0442\u043e\u0441\u0432\u0435\u0442\",\"url\":\"https:\\\/\\\/rastosvet.rs\\\/\",\"logo\":{\"@type\":\"ImageObject\",\"inLanguage\":\"bs-BA\",\"@id\":\"https:\\\/\\\/rastosvet.rs\\\/#\\\/schema\\\/logo\\\/image\\\/\",\"url\":\"https:\\\/\\\/rastosvet.rs\\\/wp-content\\\/uploads\\\/2024\\\/02\\\/rastosvet-logo-feb-2024.png\",\"contentUrl\":\"https:\\\/\\\/rastosvet.rs\\\/wp-content\\\/uploads\\\/2024\\\/02\\\/rastosvet-logo-feb-2024.png\",\"width\":360,\"height\":80,\"caption\":\"\u0420\u0430\u0441\u0442\u043e\u0441\u0432\u0435\u0442\"},\"image\":{\"@id\":\"https:\\\/\\\/rastosvet.rs\\\/#\\\/schema\\\/logo\\\/image\\\/\"},\"sameAs\":[\"https:\\\/\\\/www.facebook.com\\\/rastosvet\",\"https:\\\/\\\/x.com\\\/rastosvet\",\"https:\\\/\\\/www.instagram.com\\\/rastosvet\"]}]}<\/script>\n<!-- \/ Yoast SEO plugin. -->","yoast_head_json":{"title":"Greja\u010d za akvarijum - \u010deli\u010dni - 50w","robots":{"index":"index","follow":"follow","max-snippet":"max-snippet:-1","max-image-preview":"max-image-preview:large","max-video-preview":"max-video-preview:-1"},"canonical":"https:\/\/rastosvet.rs\/sr-latin\/product\/grejac-za-akvarijum-celicni-50w\/","og_locale":"bs_BA","og_type":"article","og_title":"[:sr]\u0413\u0440\u0435\u0458\u0430\u0447 \u0437\u0430 \u0430\u043a\u0432\u0430\u0440\u0438\u0458\u0443\u043c - \u0447\u0435\u043b\u0438\u0447\u043d\u0438 - 50 \u0432\u0430\u0442\u0438[:sr-latin]Greja\u010d za akvarijum - \u010deli\u010dni - 50w[:] - Rastosvet","og_description":"Greja\u010di od ner\u0111aju\u0107eg \u010delika dizajnirani su da obezbede preciznu kontrolu temperature i pouzdano grejanje akvarijuma, osiguravaju\u0107i prijatno okru\u017eenje za \u017eivi svet u vodi. Izra\u0111eni od uvoznog ner\u0111aju\u0107eg \u010delika 304, ovi greja\u010di poseduju visoku otpornost na koroziju, \u0161to ih \u010dini savr\u0161enim za dugotrajnu upotrebu u va\u0161em akvarijumu. Na\u0161i greja\u010di koriste kvalitetne bimetale poznate po svojoj izuzetnoj [&hellip;]","og_url":"https:\/\/rastosvet.rs\/sr-latin\/product\/grejac-za-akvarijum-celicni-50w\/","og_site_name":"Rastosvet","article_publisher":"https:\/\/www.facebook.com\/rastosvet","article_modified_time":"2026-01-22T17:56:23+00:00","og_image":[{"width":900,"height":900,"url":"https:\/\/rastosvet.rs\/wp-content\/uploads\/2026\/01\/aq-steel-heater-19cm-50w.png","type":"image\/png"}],"twitter_card":"summary_large_image","twitter_site":"@rastosvet","twitter_misc":{"Est. reading time":"2 minute"},"schema":{"@context":"https:\/\/schema.org","@graph":[{"@type":"WebPage","@id":"https:\/\/rastosvet.rs\/sr-latin\/product\/grejac-za-akvarijum-celicni-50w\/","url":"https:\/\/rastosvet.rs\/sr-latin\/product\/grejac-za-akvarijum-celicni-50w\/","name":"Greja\u010d za akvarijum - \u010deli\u010dni - 50w","isPartOf":{"@id":"https:\/\/rastosvet.rs\/#website"},"primaryImageOfPage":{"@id":"https:\/\/rastosvet.rs\/sr-latin\/product\/grejac-za-akvarijum-celicni-50w\/#primaryimage"},"image":{"@id":"https:\/\/rastosvet.rs\/sr-latin\/product\/grejac-za-akvarijum-celicni-50w\/#primaryimage"},"thumbnailUrl":"https:\/\/rastosvet.rs\/wp-content\/uploads\/2026\/01\/aq-steel-heater-19cm-50w.png","datePublished":"2026-01-09T12:45:33+00:00","dateModified":"2026-01-22T17:56:23+00:00","breadcrumb":{"@id":"https:\/\/rastosvet.rs\/sr-latin\/product\/grejac-za-akvarijum-celicni-50w\/#breadcrumb"},"inLanguage":"bs-BA","potentialAction":[{"@type":"ReadAction","target":["https:\/\/rastosvet.rs\/sr-latin\/product\/grejac-za-akvarijum-celicni-50w\/"]}]},{"@type":"ImageObject","inLanguage":"bs-BA","@id":"https:\/\/rastosvet.rs\/sr-latin\/product\/grejac-za-akvarijum-celicni-50w\/#primaryimage","url":"https:\/\/rastosvet.rs\/wp-content\/uploads\/2026\/01\/aq-steel-heater-19cm-50w.png","contentUrl":"https:\/\/rastosvet.rs\/wp-content\/uploads\/2026\/01\/aq-steel-heater-19cm-50w.png","width":900,"height":900},{"@type":"BreadcrumbList","@id":"https:\/\/rastosvet.rs\/sr-latin\/product\/grejac-za-akvarijum-celicni-50w\/#breadcrumb","itemListElement":[{"@type":"ListItem","position":1,"name":"Home","item":"https:\/\/rastosvet.rs\/"},{"@type":"ListItem","position":2,"name":"\u041f\u0440\u043e\u0434\u0430\u0432\u043d\u0438\u0446\u0430","item":"https:\/\/rastosvet.rs\/shop\/"},{"@type":"ListItem","position":3,"name":"\u0413\u0440\u0435\u0458\u0430\u0447 \u0437\u0430 \u0430\u043a\u0432\u0430\u0440\u0438\u0458\u0443\u043c &#8211; \u0447\u0435\u043b\u0438\u0447\u043d\u0438 &#8211; 50 \u0432\u0430\u0442\u0438"}]},{"@type":"WebSite","@id":"https:\/\/rastosvet.rs\/#website","url":"https:\/\/rastosvet.rs\/","name":"\u0420\u0430\u0441\u0442\u043e\u0441\u0432\u0435\u0442","description":"Namenske sijalice","publisher":{"@id":"https:\/\/rastosvet.rs\/#organization"},"potentialAction":[{"@type":"SearchAction","target":{"@type":"EntryPoint","urlTemplate":"https:\/\/rastosvet.rs\/?s={search_term_string}"},"query-input":{"@type":"PropertyValueSpecification","valueRequired":true,"valueName":"search_term_string"}}],"inLanguage":"bs-BA"},{"@type":"Organization","@id":"https:\/\/rastosvet.rs\/#organization","name":"\u0420\u0430\u0441\u0442\u043e\u0441\u0432\u0435\u0442","url":"https:\/\/rastosvet.rs\/","logo":{"@type":"ImageObject","inLanguage":"bs-BA","@id":"https:\/\/rastosvet.rs\/#\/schema\/logo\/image\/","url":"https:\/\/rastosvet.rs\/wp-content\/uploads\/2024\/02\/rastosvet-logo-feb-2024.png","contentUrl":"https:\/\/rastosvet.rs\/wp-content\/uploads\/2024\/02\/rastosvet-logo-feb-2024.png","width":360,"height":80,"caption":"\u0420\u0430\u0441\u0442\u043e\u0441\u0432\u0435\u0442"},"image":{"@id":"https:\/\/rastosvet.rs\/#\/schema\/logo\/image\/"},"sameAs":["https:\/\/www.facebook.com\/rastosvet","https:\/\/x.com\/rastosvet","https:\/\/www.instagram.com\/rastosvet"]}]}},"jetpack_sharing_enabled":true,"_links":{"self":[{"href":"https:\/\/rastosvet.rs\/sr-latin\/wp-json\/wp\/v2\/product\/1913","targetHints":{"allow":["GET"]}}],"collection":[{"href":"https:\/\/rastosvet.rs\/sr-latin\/wp-json\/wp\/v2\/product"}],"about":[{"href":"https:\/\/rastosvet.rs\/sr-latin\/wp-json\/wp\/v2\/types\/product"}],"replies":[{"embeddable":true,"href":"https:\/\/rastosvet.rs\/sr-latin\/wp-json\/wp\/v2\/comments?post=1913"}],"wp:featuredmedia":[{"embeddable":true,"href":"https:\/\/rastosvet.rs\/sr-latin\/wp-json\/wp\/v2\/media\/1914"}],"wp:attachment":[{"href":"https:\/\/rastosvet.rs\/sr-latin\/wp-json\/wp\/v2\/media?parent=1913"}],"wp:term":[{"taxonomy":"product_brand","embeddable":true,"href":"https:\/\/rastosvet.rs\/sr-latin\/wp-json\/wp\/v2\/product_brand?post=1913"},{"taxonomy":"product_cat","embeddable":true,"href":"https:\/\/rastosvet.rs\/sr-latin\/wp-json\/wp\/v2\/product_cat?post=1913"},{"taxonomy":"product_tag","embeddable":true,"href":"https:\/\/rastosvet.rs\/sr-latin\/wp-json\/wp\/v2\/product_tag?post=1913"}],"curies":[{"name":"wp","href":"https:\/\/api.w.org\/{rel}","templated":true}]}}