{"id":474,"date":"2023-09-11T18:57:30","date_gmt":"2023-09-11T18:57:30","guid":{"rendered":"https:\/\/rastosvet.rs\/sr-latin\/?post_type=product&#038;p=474"},"modified":"2026-02-04T18:52:24","modified_gmt":"2026-02-04T18:52:24","slug":"sijalica-fluorescentna-uva-uvb-10-13w","status":"publish","type":"product","link":"https:\/\/rastosvet.rs\/sr-latin\/product\/sijalica-fluorescentna-uva-uvb-10-13w\/","title":{"rendered":"Sijalica fluorescentna UVA UVB 10% 13w"},"content":{"rendered":"<p>UVA UVB sijalica za vi\u0161e vrsta reptila, uklju\u010duju\u0107i kornja\u010de, gekoe, kameleone, agame, iguane, itd. Pogodna za srednje i ve\u0107e terarijume i sve uzgajiva\u010de. Emituje UVA i UVB svetlosne spektre. UVA je za apetit i raspolo\u017eenje, a UVB za spre\u010davanje ili otklanjanje metaboli\u010dke bolesti kostiju, koja se javlja kod reptila usled nedostatka prirodne svetlosti.<\/p>\n<h3>Namena zavisno od udaljenosti<\/h3>\n<p>Na osnovu na\u0161ih li\u010dnih merenja, zavisno od udaljenosti, sijalica mo\u017ee proizvesti:<\/p>\n<ul>\n<li>4. fergusonovu zonu na udaljenosti od oko 15cm, pogodno za:\n<ul>\n<li>bradatu agamu,<\/li>\n<li>utila iguanu,<\/li>\n<li>\u0161titastu kornja\u010du, itd,<\/li>\n<\/ul>\n<\/li>\n<li>3. fergusonovu zonu na udaljenosti od 20 do 25cm, pogodno za:\n<ul>\n<li>\u0161umske kornja\u010de,<\/li>\n<li>crvenouhe i \u017eutouhe kornja\u010de,<\/li>\n<li>pustinjsku iguanu,<\/li>\n<li>bradatu agamu, itd,<\/li>\n<\/ul>\n<\/li>\n<li>2. fergusonovu zonu na udaljenosti od oko 30cm, pogodno za:\n<ul>\n<li>ameri\u010dku zelenu anolu,<\/li>\n<li>isto\u010dnu zatvaraju\u0107u kornja\u010du,<\/li>\n<li>\u010detvoro-rogatog kamelaona, itd,<\/li>\n<\/ul>\n<\/li>\n<li>1. fergusonovu zonu na udaljenosti od oko 35cm, pogodno za:\n<ul>\n<li>leopardastog gekoa,<\/li>\n<li>plavu pikado \u017eabu,<\/li>\n<li>braono-listnog kameleona, itd.<\/li>\n<\/ul>\n<\/li>\n<\/ul>\n<p><img fetchpriority=\"high\" decoding=\"async\" class=\"alignnone size-full wp-image-682\" src=\"https:\/\/rastosvet.rs\/wp-content\/uploads\/2023\/10\/f10-13w.graph_.png\" alt=\"\" width=\"600\" height=\"371\" srcset=\"https:\/\/rastosvet.rs\/wp-content\/uploads\/2023\/10\/f10-13w.graph_.png?v=1708641951 600w, https:\/\/rastosvet.rs\/wp-content\/uploads\/2023\/10\/f10-13w.graph_-300x186.png?v=1708641951 300w\" sizes=\"(max-width: 600px) 100vw, 600px\" \/><\/p>\n<p><strong>Opasno je postaviti sijalicu na udaljenosti manjoj od 10cm!<\/strong><\/p>\n<p>Na osnovu na\u0161ih li\u010dnih merenja, dostavljamo i nivo zra\u010denja po svetlostnom spektru:<\/p>\n<p><img decoding=\"async\" class=\"alignnone size-full wp-image-1814\" src=\"https:\/\/rastosvet.rs\/wp-content\/uploads\/2025\/12\/spectrum-fluo-13w-uvb10.jpg\" alt=\"\" width=\"390\" height=\"335\" srcset=\"https:\/\/rastosvet.rs\/wp-content\/uploads\/2025\/12\/spectrum-fluo-13w-uvb10.jpg?v=1765732472 390w, https:\/\/rastosvet.rs\/wp-content\/uploads\/2025\/12\/spectrum-fluo-13w-uvb10-300x258.jpg?v=1765732472 300w\" sizes=\"(max-width: 390px) 100vw, 390px\" \/><\/p>\n<p>Na dijagramu su prikazani nivoi zra\u010denja<\/p>\n<ul>\n<li>UVA,<\/li>\n<li>preko vidljivog spektra &#8211; od ljubi\u010daste, preko plave, zelene, \u017eute, do crvene svetlosti,<\/li>\n<li>do infracrvenog spektra.<\/li>\n<\/ul>\n<p>UVB je prikazan zavisno od UV-indeksa, na prethodnom dijagramu.<\/p>\n<h4>Napomena<\/h4>\n<p>Sijalica skoro da ne emituje toplotu, pa bi bilo dobro da se upari da jo\u0161 jednom sijalicom, koja bi slu\u017eila za grejanje. Naravno zavisno od potreba va\u0161eg ljubimca.<\/p>\n<p>Kompletan spisak potreba po vrstama reptila mo\u017eete videti u na\u0161em <a href=\"https:\/\/rastosvet.rs\/sr-latin\/2023\/09\/30\/katalog-potreba-zivotinja\/\">Katalogu potreba \u017eivotinja<\/a>.<\/p>\n<p>Vi\u0161e o strategijama osvetljavanja mo\u017eete pro\u010ditati u <a href=\"https:\/\/rastosvet.rs\/sr-latin\/2023\/08\/20\/strategije-osvetljavanja-terarijuma\/\">Strategije osvetljavanja terarijuma<\/a>.<\/p>\n<p>Vi\u0161e o fergusonovim zonama mo\u017eete pro\u010diti u <a href=\"https:\/\/rastosvet.rs\/sr-latin\/2023\/08\/11\/kolicina-uvb-fergusonove-zone\/\">Koli\u010dina UVB &#8211; Fergusonove zone<\/a>.<\/p>\n<h3>Vek trajanja<\/h3>\n<p>Svetlost koju emituju fluorescentne sijalice postepeno slabi, pa bi ih trebalo menjati na 6 meseci.<\/p>\n<h3>Garancija<\/h3>\n<p>Ukoliko vam sijalica pregori u prvih mesec dana, odmah nas kontaktirajte, pa \u0107emo poku\u0161ati da napravimo kompromis &#8211; popust od 10% do 100% na slede\u0107u kupovinu, zavisno koliko je sijalica izdr\u017eala tokom prvih mesec dana. Ispravnost svake sijalice se proverava pre slanja.<\/p>\n<h3>Pozicija<\/h3>\n<p>Sijalicu postaviti tako da osvetljava i greje samo jedan ugao va\u0161eg terarijuma. Na taj na\u010din stvara se topla i hladna mikroklima. U takvom okru\u017eenju va\u0161 ljubimac mo\u017ee da se ugreje i ohladi po potrebi. Ukoliko sijalicu postavite na sredinu terarijuma rizikujete pregrevanje va\u0161eg ljubimca.<\/p>\n<h3>Vreme rada<\/h3>\n<p>UVA-UVB sijalice su zamena za sun\u010devu svetlost, tako da bi trebale da rade dok je dan, dok ima dnevne svetlosti. U principu, upalite je kad ustanete, a ugasite kada le\u017eete.<\/p>\n<h3>Va\u017eno<\/h3>\n<ul>\n<li><strong>Bezbednost<\/strong>: Nikada ne dodirujte vru\u0107i deo sijalice dok je uklju\u010dena.<\/li>\n<li><strong>Monta\u017ea<\/strong>: Uvek isklju\u010dite struju pre nego \u0161to zamenite sijalicu.<\/li>\n<li><strong>Kompatibilnost<\/strong>: Sijalica se montira na standardno, e27 grlo.<\/li>\n<\/ul>\n","protected":false},"excerpt":{"rendered":"<p>Fluorescentna (CFL) sijalica za vi\u0161e vrsta reptila, pogodna za srednje i ve\u0107e terarijume i sve uzgajiva\u010de. Emituje UVA i UVB svetlosne spektre.<\/p>\n","protected":false},"featured_media":481,"comment_status":"open","ping_status":"closed","template":"","meta":[],"product_brand":[],"product_cat":[64,31],"product_tag":[35,33,34,37,38,41],"class_list":{"0":"post-474","1":"product","2":"type-product","3":"status-publish","4":"has-post-thumbnail","6":"product_cat-sijalice-za-agame","7":"product_cat-bulb-animal","8":"product_tag-animal","9":"product_tag-light","10":"product_tag-bulb","11":"product_tag-uva","12":"product_tag-uvb","13":"product_tag-fluorescent","15":"first","16":"outofstock","17":"shipping-taxable","18":"purchasable","19":"product-type-simple"},"yoast_head":"<!-- This site is optimized with the Yoast SEO plugin v27.5 - https:\/\/yoast.com\/product\/yoast-seo-wordpress\/ -->\n<title>Sijalica fluorescentna UVA UVB 10% 13w<\/title>\n<meta name=\"description\" content=\"UVA UVB sijalica za kornja\u010de, agame, gekoe, kameleone, itd. Emituje svetlost i toplotu za pravilan razvoj reptila. Pogodna za srednje i ve\u0107e terarijume.\" \/>\n<meta name=\"robots\" content=\"index, follow, max-snippet:-1, max-image-preview:large, max-video-preview:-1\" \/>\n<link rel=\"canonical\" href=\"https:\/\/rastosvet.rs\/sr-latin\/product\/sijalica-fluorescentna-uva-uvb-10-13w\/\" \/>\n<meta property=\"og:locale\" content=\"bs_BA\" \/>\n<meta property=\"og:locale:alternate\" content=\"sr_RS\" \/>\n<meta property=\"og:type\" content=\"article\" \/>\n<meta property=\"og:title\" content=\"\u0424\u043b\u0443\u043e\u0440\u0435\u0441\u0446\u0435\u043d\u0442\u043d\u0430 (\u0426\u0424\u041b) \u0441\u0438\u0458\u0430\u043b\u0438\u0446\u0430 \u0437\u0430 \u0432\u0438\u0448\u0435 \u0432\u0440\u0441\u0442\u0430 \u0440\u0435\u043f\u0442\u0438\u043b\u0430\" \/>\n<meta property=\"og:description\" content=\"\u0424\u043b\u0443\u043e\u0440\u0435\u0441\u0446\u0435\u043d\u0442\u043d\u0430 (\u0426\u0424\u041b) \u0441\u0438\u0458\u0430\u043b\u0438\u0446\u0430 \u0437\u0430 \u0432\u0438\u0448\u0435 \u0432\u0440\u0441\u0442\u0430 \u0440\u0435\u043f\u0442\u0438\u043b\u0430, \u043f\u043e\u0433\u043e\u0434\u043d\u0430 \u0437\u0430 \u0441\u0440\u0435\u0434\u045a\u0435 \u0438 \u0432\u0435\u045b\u0435 \u0442\u0435\u0440\u0430\u0440\u0438\u0458\u0443\u043c\u0435 \u0438 \u0441\u0432\u0435 \u0443\u0437\u0433\u0430\u0458\u0438\u0432\u0430\u0447\u0435. \u0415\u043c\u0438\u0442\u0443\u0458\u0435 \u0423\u0412\u0410 \u0438 \u0423\u0412\u0411 \u0441\u0432\u0435\u0442\u043b\u043e\u0441\u043d\u0435 \u0441\u043f\u0435\u043a\u0442\u0440\u0435.\" \/>\n<meta property=\"og:url\" content=\"https:\/\/rastosvet.rs\/sr-latin\/product\/sijalica-fluorescentna-uva-uvb-10-13w\/\" \/>\n<meta property=\"og:site_name\" content=\"Rastosvet\" \/>\n<meta property=\"article:publisher\" content=\"https:\/\/www.facebook.com\/rastosvet\" \/>\n<meta property=\"article:modified_time\" content=\"2026-02-04T18:52:24+00:00\" \/>\n<meta property=\"og:image\" content=\"https:\/\/rastosvet.rs\/wp-content\/uploads\/2023\/09\/f10-13w-1.png\" \/>\n\t<meta property=\"og:image:width\" content=\"900\" \/>\n\t<meta property=\"og:image:height\" content=\"900\" \/>\n\t<meta property=\"og:image:type\" content=\"image\/png\" \/>\n<meta name=\"twitter:card\" content=\"summary_large_image\" \/>\n<meta name=\"twitter:site\" content=\"@rastosvet\" \/>\n<meta name=\"twitter:label1\" content=\"Est. reading time\" \/>\n\t<meta name=\"twitter:data1\" content=\"3 minute\" \/>\n<script type=\"application\/ld+json\" class=\"yoast-schema-graph\">{\"@context\":\"https:\\\/\\\/schema.org\",\"@graph\":[{\"@type\":\"WebPage\",\"@id\":\"https:\\\/\\\/rastosvet.rs\\\/product\\\/sijalica-fluorescentna-uva-uvb-10-13w\\\/\",\"url\":\"https:\\\/\\\/rastosvet.rs\\\/product\\\/sijalica-fluorescentna-uva-uvb-10-13w\\\/\",\"name\":\"Sijalica fluorescentna UVA UVB 10% 13w\",\"isPartOf\":{\"@id\":\"https:\\\/\\\/rastosvet.rs\\\/#website\"},\"primaryImageOfPage\":{\"@id\":\"https:\\\/\\\/rastosvet.rs\\\/product\\\/sijalica-fluorescentna-uva-uvb-10-13w\\\/#primaryimage\"},\"image\":{\"@id\":\"https:\\\/\\\/rastosvet.rs\\\/product\\\/sijalica-fluorescentna-uva-uvb-10-13w\\\/#primaryimage\"},\"thumbnailUrl\":\"https:\\\/\\\/rastosvet.rs\\\/wp-content\\\/uploads\\\/2023\\\/09\\\/f10-13w-1.png\",\"datePublished\":\"2023-09-11T18:57:30+00:00\",\"dateModified\":\"2026-02-04T18:52:24+00:00\",\"description\":\"\u0423\u0412\u0410 \u0423\u0412\u0411 \u0441\u0438\u0458\u0430\u043b\u0438\u0446\u0430 \u0437\u0430 \u043a\u043e\u0440\u045a\u0430\u0447\u0435, \u0430\u0433\u0430\u043c\u0435, \u0433\u0435\u043a\u043e\u0435, \u043a\u0430\u043c\u0435\u043b\u0435\u043e\u043d\u0435, \u0438\u0442\u0434. \u0415\u043c\u0438\u0442\u0443\u0458\u0435 \u0441\u0432\u0435\u0442\u043b\u043e\u0441\u0442 \u0438 \u0442\u043e\u043f\u043b\u043e\u0442\u0443 \u0437\u0430 \u043f\u0440\u0430\u0432\u0438\u043b\u0430\u043d \u0440\u0430\u0437\u0432\u043e\u0458 \u0440\u0435\u043f\u0442\u0438\u043b\u0430. \u041f\u043e\u0433\u043e\u0434\u043d\u0430 \u0437\u0430 \u0441\u0440\u0435\u0434\u045a\u0435 \u0438 \u0432\u0435\u045b\u0435 \u0442\u0435\u0440\u0430\u0440\u0438\u0458\u0443\u043c\u0435.\",\"breadcrumb\":{\"@id\":\"https:\\\/\\\/rastosvet.rs\\\/product\\\/sijalica-fluorescentna-uva-uvb-10-13w\\\/#breadcrumb\"},\"inLanguage\":\"bs-BA\",\"potentialAction\":[{\"@type\":\"ReadAction\",\"target\":[\"https:\\\/\\\/rastosvet.rs\\\/product\\\/sijalica-fluorescentna-uva-uvb-10-13w\\\/\"]}]},{\"@type\":\"ImageObject\",\"inLanguage\":\"bs-BA\",\"@id\":\"https:\\\/\\\/rastosvet.rs\\\/product\\\/sijalica-fluorescentna-uva-uvb-10-13w\\\/#primaryimage\",\"url\":\"https:\\\/\\\/rastosvet.rs\\\/wp-content\\\/uploads\\\/2023\\\/09\\\/f10-13w-1.png\",\"contentUrl\":\"https:\\\/\\\/rastosvet.rs\\\/wp-content\\\/uploads\\\/2023\\\/09\\\/f10-13w-1.png\",\"width\":900,\"height\":900},{\"@type\":\"BreadcrumbList\",\"@id\":\"https:\\\/\\\/rastosvet.rs\\\/product\\\/sijalica-fluorescentna-uva-uvb-10-13w\\\/#breadcrumb\",\"itemListElement\":[{\"@type\":\"ListItem\",\"position\":1,\"name\":\"Home\",\"item\":\"https:\\\/\\\/rastosvet.rs\\\/\"},{\"@type\":\"ListItem\",\"position\":2,\"name\":\"\u041f\u0440\u043e\u0434\u0430\u0432\u043d\u0438\u0446\u0430\",\"item\":\"https:\\\/\\\/rastosvet.rs\\\/shop\\\/\"},{\"@type\":\"ListItem\",\"position\":3,\"name\":\"\u0421\u0438\u0458\u0430\u043b\u0438\u0446\u0430 \u0444\u043b\u0443\u043e\u0440\u0435\u0441\u0446\u0435\u043d\u0442\u043d\u0430 \u0423\u0412\u0410 \u0423\u0412\u0411 10% 13 \u0432\u0430\u0442\u0438\"}]},{\"@type\":\"WebSite\",\"@id\":\"https:\\\/\\\/rastosvet.rs\\\/#website\",\"url\":\"https:\\\/\\\/rastosvet.rs\\\/\",\"name\":\"\u0420\u0430\u0441\u0442\u043e\u0441\u0432\u0435\u0442\",\"description\":\"Namenske sijalice\",\"publisher\":{\"@id\":\"https:\\\/\\\/rastosvet.rs\\\/#organization\"},\"potentialAction\":[{\"@type\":\"SearchAction\",\"target\":{\"@type\":\"EntryPoint\",\"urlTemplate\":\"https:\\\/\\\/rastosvet.rs\\\/?s={search_term_string}\"},\"query-input\":{\"@type\":\"PropertyValueSpecification\",\"valueRequired\":true,\"valueName\":\"search_term_string\"}}],\"inLanguage\":\"bs-BA\"},{\"@type\":\"Organization\",\"@id\":\"https:\\\/\\\/rastosvet.rs\\\/#organization\",\"name\":\"\u0420\u0430\u0441\u0442\u043e\u0441\u0432\u0435\u0442\",\"url\":\"https:\\\/\\\/rastosvet.rs\\\/\",\"logo\":{\"@type\":\"ImageObject\",\"inLanguage\":\"bs-BA\",\"@id\":\"https:\\\/\\\/rastosvet.rs\\\/#\\\/schema\\\/logo\\\/image\\\/\",\"url\":\"https:\\\/\\\/rastosvet.rs\\\/wp-content\\\/uploads\\\/2024\\\/02\\\/rastosvet-logo-feb-2024.png\",\"contentUrl\":\"https:\\\/\\\/rastosvet.rs\\\/wp-content\\\/uploads\\\/2024\\\/02\\\/rastosvet-logo-feb-2024.png\",\"width\":360,\"height\":80,\"caption\":\"\u0420\u0430\u0441\u0442\u043e\u0441\u0432\u0435\u0442\"},\"image\":{\"@id\":\"https:\\\/\\\/rastosvet.rs\\\/#\\\/schema\\\/logo\\\/image\\\/\"},\"sameAs\":[\"https:\\\/\\\/www.facebook.com\\\/rastosvet\",\"https:\\\/\\\/x.com\\\/rastosvet\",\"https:\\\/\\\/www.instagram.com\\\/rastosvet\"]}]}<\/script>\n<!-- \/ Yoast SEO plugin. -->","yoast_head_json":{"title":"Sijalica fluorescentna UVA UVB 10% 13w","description":"UVA UVB sijalica za kornja\u010de, agame, gekoe, kameleone, itd. Emituje svetlost i toplotu za pravilan razvoj reptila. Pogodna za srednje i ve\u0107e terarijume.","robots":{"index":"index","follow":"follow","max-snippet":"max-snippet:-1","max-image-preview":"max-image-preview:large","max-video-preview":"max-video-preview:-1"},"canonical":"https:\/\/rastosvet.rs\/sr-latin\/product\/sijalica-fluorescentna-uva-uvb-10-13w\/","og_locale":"bs_BA","og_type":"article","og_title":"\u0424\u043b\u0443\u043e\u0440\u0435\u0441\u0446\u0435\u043d\u0442\u043d\u0430 (\u0426\u0424\u041b) \u0441\u0438\u0458\u0430\u043b\u0438\u0446\u0430 \u0437\u0430 \u0432\u0438\u0448\u0435 \u0432\u0440\u0441\u0442\u0430 \u0440\u0435\u043f\u0442\u0438\u043b\u0430","og_description":"\u0424\u043b\u0443\u043e\u0440\u0435\u0441\u0446\u0435\u043d\u0442\u043d\u0430 (\u0426\u0424\u041b) \u0441\u0438\u0458\u0430\u043b\u0438\u0446\u0430 \u0437\u0430 \u0432\u0438\u0448\u0435 \u0432\u0440\u0441\u0442\u0430 \u0440\u0435\u043f\u0442\u0438\u043b\u0430, \u043f\u043e\u0433\u043e\u0434\u043d\u0430 \u0437\u0430 \u0441\u0440\u0435\u0434\u045a\u0435 \u0438 \u0432\u0435\u045b\u0435 \u0442\u0435\u0440\u0430\u0440\u0438\u0458\u0443\u043c\u0435 \u0438 \u0441\u0432\u0435 \u0443\u0437\u0433\u0430\u0458\u0438\u0432\u0430\u0447\u0435. \u0415\u043c\u0438\u0442\u0443\u0458\u0435 \u0423\u0412\u0410 \u0438 \u0423\u0412\u0411 \u0441\u0432\u0435\u0442\u043b\u043e\u0441\u043d\u0435 \u0441\u043f\u0435\u043a\u0442\u0440\u0435.","og_url":"https:\/\/rastosvet.rs\/sr-latin\/product\/sijalica-fluorescentna-uva-uvb-10-13w\/","og_site_name":"Rastosvet","article_publisher":"https:\/\/www.facebook.com\/rastosvet","article_modified_time":"2026-02-04T18:52:24+00:00","og_image":[{"width":900,"height":900,"url":"https:\/\/rastosvet.rs\/wp-content\/uploads\/2023\/09\/f10-13w-1.png","type":"image\/png"}],"twitter_card":"summary_large_image","twitter_site":"@rastosvet","twitter_misc":{"Est. reading time":"3 minute"},"schema":{"@context":"https:\/\/schema.org","@graph":[{"@type":"WebPage","@id":"https:\/\/rastosvet.rs\/product\/sijalica-fluorescentna-uva-uvb-10-13w\/","url":"https:\/\/rastosvet.rs\/product\/sijalica-fluorescentna-uva-uvb-10-13w\/","name":"Sijalica fluorescentna UVA UVB 10% 13w","isPartOf":{"@id":"https:\/\/rastosvet.rs\/#website"},"primaryImageOfPage":{"@id":"https:\/\/rastosvet.rs\/product\/sijalica-fluorescentna-uva-uvb-10-13w\/#primaryimage"},"image":{"@id":"https:\/\/rastosvet.rs\/product\/sijalica-fluorescentna-uva-uvb-10-13w\/#primaryimage"},"thumbnailUrl":"https:\/\/rastosvet.rs\/wp-content\/uploads\/2023\/09\/f10-13w-1.png","datePublished":"2023-09-11T18:57:30+00:00","dateModified":"2026-02-04T18:52:24+00:00","description":"\u0423\u0412\u0410 \u0423\u0412\u0411 \u0441\u0438\u0458\u0430\u043b\u0438\u0446\u0430 \u0437\u0430 \u043a\u043e\u0440\u045a\u0430\u0447\u0435, \u0430\u0433\u0430\u043c\u0435, \u0433\u0435\u043a\u043e\u0435, \u043a\u0430\u043c\u0435\u043b\u0435\u043e\u043d\u0435, \u0438\u0442\u0434. \u0415\u043c\u0438\u0442\u0443\u0458\u0435 \u0441\u0432\u0435\u0442\u043b\u043e\u0441\u0442 \u0438 \u0442\u043e\u043f\u043b\u043e\u0442\u0443 \u0437\u0430 \u043f\u0440\u0430\u0432\u0438\u043b\u0430\u043d \u0440\u0430\u0437\u0432\u043e\u0458 \u0440\u0435\u043f\u0442\u0438\u043b\u0430. \u041f\u043e\u0433\u043e\u0434\u043d\u0430 \u0437\u0430 \u0441\u0440\u0435\u0434\u045a\u0435 \u0438 \u0432\u0435\u045b\u0435 \u0442\u0435\u0440\u0430\u0440\u0438\u0458\u0443\u043c\u0435.","breadcrumb":{"@id":"https:\/\/rastosvet.rs\/product\/sijalica-fluorescentna-uva-uvb-10-13w\/#breadcrumb"},"inLanguage":"bs-BA","potentialAction":[{"@type":"ReadAction","target":["https:\/\/rastosvet.rs\/product\/sijalica-fluorescentna-uva-uvb-10-13w\/"]}]},{"@type":"ImageObject","inLanguage":"bs-BA","@id":"https:\/\/rastosvet.rs\/product\/sijalica-fluorescentna-uva-uvb-10-13w\/#primaryimage","url":"https:\/\/rastosvet.rs\/wp-content\/uploads\/2023\/09\/f10-13w-1.png","contentUrl":"https:\/\/rastosvet.rs\/wp-content\/uploads\/2023\/09\/f10-13w-1.png","width":900,"height":900},{"@type":"BreadcrumbList","@id":"https:\/\/rastosvet.rs\/product\/sijalica-fluorescentna-uva-uvb-10-13w\/#breadcrumb","itemListElement":[{"@type":"ListItem","position":1,"name":"Home","item":"https:\/\/rastosvet.rs\/"},{"@type":"ListItem","position":2,"name":"\u041f\u0440\u043e\u0434\u0430\u0432\u043d\u0438\u0446\u0430","item":"https:\/\/rastosvet.rs\/shop\/"},{"@type":"ListItem","position":3,"name":"\u0421\u0438\u0458\u0430\u043b\u0438\u0446\u0430 \u0444\u043b\u0443\u043e\u0440\u0435\u0441\u0446\u0435\u043d\u0442\u043d\u0430 \u0423\u0412\u0410 \u0423\u0412\u0411 10% 13 \u0432\u0430\u0442\u0438"}]},{"@type":"WebSite","@id":"https:\/\/rastosvet.rs\/#website","url":"https:\/\/rastosvet.rs\/","name":"\u0420\u0430\u0441\u0442\u043e\u0441\u0432\u0435\u0442","description":"Namenske sijalice","publisher":{"@id":"https:\/\/rastosvet.rs\/#organization"},"potentialAction":[{"@type":"SearchAction","target":{"@type":"EntryPoint","urlTemplate":"https:\/\/rastosvet.rs\/?s={search_term_string}"},"query-input":{"@type":"PropertyValueSpecification","valueRequired":true,"valueName":"search_term_string"}}],"inLanguage":"bs-BA"},{"@type":"Organization","@id":"https:\/\/rastosvet.rs\/#organization","name":"\u0420\u0430\u0441\u0442\u043e\u0441\u0432\u0435\u0442","url":"https:\/\/rastosvet.rs\/","logo":{"@type":"ImageObject","inLanguage":"bs-BA","@id":"https:\/\/rastosvet.rs\/#\/schema\/logo\/image\/","url":"https:\/\/rastosvet.rs\/wp-content\/uploads\/2024\/02\/rastosvet-logo-feb-2024.png","contentUrl":"https:\/\/rastosvet.rs\/wp-content\/uploads\/2024\/02\/rastosvet-logo-feb-2024.png","width":360,"height":80,"caption":"\u0420\u0430\u0441\u0442\u043e\u0441\u0432\u0435\u0442"},"image":{"@id":"https:\/\/rastosvet.rs\/#\/schema\/logo\/image\/"},"sameAs":["https:\/\/www.facebook.com\/rastosvet","https:\/\/x.com\/rastosvet","https:\/\/www.instagram.com\/rastosvet"]}]}},"jetpack_sharing_enabled":true,"_links":{"self":[{"href":"https:\/\/rastosvet.rs\/sr-latin\/wp-json\/wp\/v2\/product\/474","targetHints":{"allow":["GET"]}}],"collection":[{"href":"https:\/\/rastosvet.rs\/sr-latin\/wp-json\/wp\/v2\/product"}],"about":[{"href":"https:\/\/rastosvet.rs\/sr-latin\/wp-json\/wp\/v2\/types\/product"}],"replies":[{"embeddable":true,"href":"https:\/\/rastosvet.rs\/sr-latin\/wp-json\/wp\/v2\/comments?post=474"}],"wp:featuredmedia":[{"embeddable":true,"href":"https:\/\/rastosvet.rs\/sr-latin\/wp-json\/wp\/v2\/media\/481"}],"wp:attachment":[{"href":"https:\/\/rastosvet.rs\/sr-latin\/wp-json\/wp\/v2\/media?parent=474"}],"wp:term":[{"taxonomy":"product_brand","embeddable":true,"href":"https:\/\/rastosvet.rs\/sr-latin\/wp-json\/wp\/v2\/product_brand?post=474"},{"taxonomy":"product_cat","embeddable":true,"href":"https:\/\/rastosvet.rs\/sr-latin\/wp-json\/wp\/v2\/product_cat?post=474"},{"taxonomy":"product_tag","embeddable":true,"href":"https:\/\/rastosvet.rs\/sr-latin\/wp-json\/wp\/v2\/product_tag?post=474"}],"curies":[{"name":"wp","href":"https:\/\/api.w.org\/{rel}","templated":true}]}}