{"id":780,"date":"2024-03-07T22:30:21","date_gmt":"2024-03-07T22:30:21","guid":{"rendered":"https:\/\/rastosvet.rs\/?post_type=product&#038;p=780"},"modified":"2026-02-07T17:23:34","modified_gmt":"2026-02-07T17:23:34","slug":"lampa-savitljiva-na-stipaljku","status":"publish","type":"product","link":"https:\/\/rastosvet.rs\/sr-latin\/product\/lampa-savitljiva-na-stipaljku\/","title":{"rendered":"Lampa savitljiva na \u0161tipaljku"},"content":{"rendered":"<p>Lampa savitljivog vrata na \u0161tipaljku. Napravljena od metala i keramike, podr\u017eava snagu struje do 250 vati.<\/p>\n<p>Pogodna je za kori\u0161\u0107enje za sijalice sa ugra\u0111enim zastorom kao \u0161to su:<\/p>\n<ul>\n<li><a href=\"https:\/\/rastosvet.rs\/sr-latin\/product\/sijalica-halogena-uva-uvb-3-25-vati\/\">Sijalica halogena UVA UVB 3% 25w<\/a> \u0438<\/li>\n<li><a href=\"https:\/\/rastosvet.rs\/sr-latin\/product\/sijalica-halogena-uva-uvb-3-50-vati\/\">Sijalica halogena UVA UVB 3% 50w<\/a><\/li>\n<\/ul>\n<p>Kao i za sijalice za grejanje, a i druge tipove sijalica zavisno od potreba.<\/p>\n<h3>Napomena<\/h3>\n<p>Pri odvrtanju i zavrtanju sijalice, preporu\u010duje se da se kerami\u010dko grlo sijalice pridr\u017eava blagim stiskom glave lampe. Za grafi\u010dki prikaz pogledati tre\u0107u sliku.<\/p>\n<h3>Specifikacija<\/h3>\n<p>Materijal: metal, keramika<br \/>\nDu\u017eina kabla: 2m (uklju\u010diju\u0107i vrat)<br \/>\nPodr\u017eana snaga: 250 vati<br \/>\nPrekida\u010d: da<br \/>\nZastor: ne<\/p>\n","protected":false},"excerpt":{"rendered":"<p>Lampa savitljivog vrata na \u0161tipaljku. Kvalitetne izrade, izdr\u017eljiva.<\/p>\n","protected":false},"featured_media":781,"comment_status":"open","ping_status":"closed","template":"","meta":[],"product_brand":[],"product_cat":[65],"product_tag":[54],"class_list":{"0":"post-780","1":"product","2":"type-product","3":"status-publish","4":"has-post-thumbnail","6":"product_cat-lampe","7":"product_tag-lampa","9":"first","10":"instock","11":"shipping-taxable","12":"purchasable","13":"product-type-simple"},"yoast_head":"<!-- This site is optimized with the Yoast SEO plugin v27.5 - https:\/\/yoast.com\/product\/yoast-seo-wordpress\/ -->\n<title>Lampa savitljiva na \u0161tipaljku<\/title>\n<meta name=\"description\" content=\"Lampa savitljivog vrata na \u0161tipaljku. Kvalitetne izrade, izdr\u017eljiva. Dolazi sa 2m kabla i mo\u017ee da izdr\u017ei potro\u0161lju struje od 250 vati.\" \/>\n<meta name=\"robots\" content=\"index, follow, max-snippet:-1, max-image-preview:large, max-video-preview:-1\" \/>\n<link rel=\"canonical\" href=\"https:\/\/rastosvet.rs\/sr-latin\/product\/lampa-savitljiva-na-stipaljku\/\" \/>\n<meta property=\"og:locale\" content=\"bs_BA\" \/>\n<meta property=\"og:locale:alternate\" content=\"sr_RS\" \/>\n<meta property=\"og:type\" content=\"article\" \/>\n<meta property=\"og:title\" content=\"\u041b\u0430\u043c\u043f\u0430 \u0441\u0430\u0432\u0438\u0442\u0459\u0438\u0432\u043e\u0433 \u0432\u0440\u0430\u0442\u0430 \u043d\u0430 \u0448\u0442\u0438\u043f\u0430\u0459\u043a\u0443. \u041a\u0432\u0430\u043b\u0438\u0442\u0435\u0442\u043d\u0435 \u0438\u0437\u0440\u0430\u0434\u0435, \u0438\u0437\u0434\u0440\u0436\u0459\u0438\u0432\u0430\" \/>\n<meta property=\"og:description\" content=\"\u041b\u0430\u043c\u043f\u0430 \u0441\u0430\u0432\u0438\u0442\u0459\u0438\u0432\u043e\u0433 \u0432\u0440\u0430\u0442\u0430 \u043d\u0430 \u0448\u0442\u0438\u043f\u0430\u0459\u043a\u0443. \u041a\u0432\u0430\u043b\u0438\u0442\u0435\u0442\u043d\u0435 \u0438\u0437\u0440\u0430\u0434\u0435, \u0438\u0437\u0434\u0440\u0436\u0459\u0438\u0432\u0430.\" \/>\n<meta property=\"og:url\" content=\"https:\/\/rastosvet.rs\/sr-latin\/product\/lampa-savitljiva-na-stipaljku\/\" \/>\n<meta property=\"og:site_name\" content=\"Rastosvet\" \/>\n<meta property=\"article:publisher\" content=\"https:\/\/www.facebook.com\/rastosvet\" \/>\n<meta property=\"article:modified_time\" content=\"2026-02-07T17:23:34+00:00\" \/>\n<meta property=\"og:image\" content=\"https:\/\/rastosvet.rs\/wp-content\/uploads\/2024\/03\/lamp-1.png\" \/>\n\t<meta property=\"og:image:width\" content=\"900\" \/>\n\t<meta property=\"og:image:height\" content=\"900\" \/>\n\t<meta property=\"og:image:type\" content=\"image\/png\" \/>\n<meta name=\"twitter:card\" content=\"summary_large_image\" \/>\n<meta name=\"twitter:site\" content=\"@rastosvet\" \/>\n<meta name=\"twitter:label1\" content=\"Est. reading time\" \/>\n\t<meta name=\"twitter:data1\" content=\"1 minuta\" \/>\n<script type=\"application\/ld+json\" class=\"yoast-schema-graph\">{\"@context\":\"https:\\\/\\\/schema.org\",\"@graph\":[{\"@type\":\"WebPage\",\"@id\":\"https:\\\/\\\/rastosvet.rs\\\/product\\\/lampa-savitljiva-na-stipaljku\\\/\",\"url\":\"https:\\\/\\\/rastosvet.rs\\\/product\\\/lampa-savitljiva-na-stipaljku\\\/\",\"name\":\"Lampa savitljiva na \u0161tipaljku\",\"isPartOf\":{\"@id\":\"https:\\\/\\\/rastosvet.rs\\\/#website\"},\"primaryImageOfPage\":{\"@id\":\"https:\\\/\\\/rastosvet.rs\\\/product\\\/lampa-savitljiva-na-stipaljku\\\/#primaryimage\"},\"image\":{\"@id\":\"https:\\\/\\\/rastosvet.rs\\\/product\\\/lampa-savitljiva-na-stipaljku\\\/#primaryimage\"},\"thumbnailUrl\":\"https:\\\/\\\/rastosvet.rs\\\/wp-content\\\/uploads\\\/2024\\\/03\\\/lamp-1.png\",\"datePublished\":\"2024-03-07T22:30:21+00:00\",\"dateModified\":\"2026-02-07T17:23:34+00:00\",\"description\":\"\u041b\u0430\u043c\u043f\u0430 \u0441\u0430\u0432\u0438\u0442\u0459\u0438\u0432\u043e\u0433 \u0432\u0440\u0430\u0442\u0430 \u043d\u0430 \u0448\u0442\u0438\u043f\u0430\u0459\u043a\u0443. \u041a\u0432\u0430\u043b\u0438\u0442\u0435\u0442\u043d\u0435 \u0438\u0437\u0440\u0430\u0434\u0435, \u0438\u0437\u0434\u0440\u0436\u0459\u0438\u0432\u0430. \u0414\u043e\u043b\u0430\u0437\u0438 \u0441\u0430 2\u043c \u043a\u0430\u0431\u043b\u0430 \u0438 \u043c\u043e\u0436\u0435 \u0434\u0430 \u0438\u0437\u0434\u0440\u0436\u0438 \u043f\u043e\u0442\u0440\u043e\u0448\u0459\u0443 \u0441\u0442\u0440\u0443\u0458\u0435 \u043e\u0434 250 \u0432\u0430\u0442\u0438.\",\"breadcrumb\":{\"@id\":\"https:\\\/\\\/rastosvet.rs\\\/product\\\/lampa-savitljiva-na-stipaljku\\\/#breadcrumb\"},\"inLanguage\":\"bs-BA\",\"potentialAction\":[{\"@type\":\"ReadAction\",\"target\":[\"https:\\\/\\\/rastosvet.rs\\\/product\\\/lampa-savitljiva-na-stipaljku\\\/\"]}]},{\"@type\":\"ImageObject\",\"inLanguage\":\"bs-BA\",\"@id\":\"https:\\\/\\\/rastosvet.rs\\\/product\\\/lampa-savitljiva-na-stipaljku\\\/#primaryimage\",\"url\":\"https:\\\/\\\/rastosvet.rs\\\/wp-content\\\/uploads\\\/2024\\\/03\\\/lamp-1.png\",\"contentUrl\":\"https:\\\/\\\/rastosvet.rs\\\/wp-content\\\/uploads\\\/2024\\\/03\\\/lamp-1.png\",\"width\":900,\"height\":900},{\"@type\":\"BreadcrumbList\",\"@id\":\"https:\\\/\\\/rastosvet.rs\\\/product\\\/lampa-savitljiva-na-stipaljku\\\/#breadcrumb\",\"itemListElement\":[{\"@type\":\"ListItem\",\"position\":1,\"name\":\"Home\",\"item\":\"https:\\\/\\\/rastosvet.rs\\\/\"},{\"@type\":\"ListItem\",\"position\":2,\"name\":\"\u041f\u0440\u043e\u0434\u0430\u0432\u043d\u0438\u0446\u0430\",\"item\":\"https:\\\/\\\/rastosvet.rs\\\/shop\\\/\"},{\"@type\":\"ListItem\",\"position\":3,\"name\":\"\u041b\u0430\u043c\u043f\u0430 \u0441\u0430\u0432\u0438\u0442\u0459\u0438\u0432\u0430 \u043d\u0430 \u0448\u0442\u0438\u043f\u0430\u0459\u043a\u0443\"}]},{\"@type\":\"WebSite\",\"@id\":\"https:\\\/\\\/rastosvet.rs\\\/#website\",\"url\":\"https:\\\/\\\/rastosvet.rs\\\/\",\"name\":\"\u0420\u0430\u0441\u0442\u043e\u0441\u0432\u0435\u0442\",\"description\":\"Namenske sijalice\",\"publisher\":{\"@id\":\"https:\\\/\\\/rastosvet.rs\\\/#organization\"},\"potentialAction\":[{\"@type\":\"SearchAction\",\"target\":{\"@type\":\"EntryPoint\",\"urlTemplate\":\"https:\\\/\\\/rastosvet.rs\\\/?s={search_term_string}\"},\"query-input\":{\"@type\":\"PropertyValueSpecification\",\"valueRequired\":true,\"valueName\":\"search_term_string\"}}],\"inLanguage\":\"bs-BA\"},{\"@type\":\"Organization\",\"@id\":\"https:\\\/\\\/rastosvet.rs\\\/#organization\",\"name\":\"\u0420\u0430\u0441\u0442\u043e\u0441\u0432\u0435\u0442\",\"url\":\"https:\\\/\\\/rastosvet.rs\\\/\",\"logo\":{\"@type\":\"ImageObject\",\"inLanguage\":\"bs-BA\",\"@id\":\"https:\\\/\\\/rastosvet.rs\\\/#\\\/schema\\\/logo\\\/image\\\/\",\"url\":\"https:\\\/\\\/rastosvet.rs\\\/wp-content\\\/uploads\\\/2024\\\/02\\\/rastosvet-logo-feb-2024.png\",\"contentUrl\":\"https:\\\/\\\/rastosvet.rs\\\/wp-content\\\/uploads\\\/2024\\\/02\\\/rastosvet-logo-feb-2024.png\",\"width\":360,\"height\":80,\"caption\":\"\u0420\u0430\u0441\u0442\u043e\u0441\u0432\u0435\u0442\"},\"image\":{\"@id\":\"https:\\\/\\\/rastosvet.rs\\\/#\\\/schema\\\/logo\\\/image\\\/\"},\"sameAs\":[\"https:\\\/\\\/www.facebook.com\\\/rastosvet\",\"https:\\\/\\\/x.com\\\/rastosvet\",\"https:\\\/\\\/www.instagram.com\\\/rastosvet\"]}]}<\/script>\n<!-- \/ Yoast SEO plugin. -->","yoast_head_json":{"title":"Lampa savitljiva na \u0161tipaljku","description":"Lampa savitljivog vrata na \u0161tipaljku. Kvalitetne izrade, izdr\u017eljiva. Dolazi sa 2m kabla i mo\u017ee da izdr\u017ei potro\u0161lju struje od 250 vati.","robots":{"index":"index","follow":"follow","max-snippet":"max-snippet:-1","max-image-preview":"max-image-preview:large","max-video-preview":"max-video-preview:-1"},"canonical":"https:\/\/rastosvet.rs\/sr-latin\/product\/lampa-savitljiva-na-stipaljku\/","og_locale":"bs_BA","og_type":"article","og_title":"\u041b\u0430\u043c\u043f\u0430 \u0441\u0430\u0432\u0438\u0442\u0459\u0438\u0432\u043e\u0433 \u0432\u0440\u0430\u0442\u0430 \u043d\u0430 \u0448\u0442\u0438\u043f\u0430\u0459\u043a\u0443. \u041a\u0432\u0430\u043b\u0438\u0442\u0435\u0442\u043d\u0435 \u0438\u0437\u0440\u0430\u0434\u0435, \u0438\u0437\u0434\u0440\u0436\u0459\u0438\u0432\u0430","og_description":"\u041b\u0430\u043c\u043f\u0430 \u0441\u0430\u0432\u0438\u0442\u0459\u0438\u0432\u043e\u0433 \u0432\u0440\u0430\u0442\u0430 \u043d\u0430 \u0448\u0442\u0438\u043f\u0430\u0459\u043a\u0443. \u041a\u0432\u0430\u043b\u0438\u0442\u0435\u0442\u043d\u0435 \u0438\u0437\u0440\u0430\u0434\u0435, \u0438\u0437\u0434\u0440\u0436\u0459\u0438\u0432\u0430.","og_url":"https:\/\/rastosvet.rs\/sr-latin\/product\/lampa-savitljiva-na-stipaljku\/","og_site_name":"Rastosvet","article_publisher":"https:\/\/www.facebook.com\/rastosvet","article_modified_time":"2026-02-07T17:23:34+00:00","og_image":[{"width":900,"height":900,"url":"https:\/\/rastosvet.rs\/wp-content\/uploads\/2024\/03\/lamp-1.png","type":"image\/png"}],"twitter_card":"summary_large_image","twitter_site":"@rastosvet","twitter_misc":{"Est. reading time":"1 minuta"},"schema":{"@context":"https:\/\/schema.org","@graph":[{"@type":"WebPage","@id":"https:\/\/rastosvet.rs\/product\/lampa-savitljiva-na-stipaljku\/","url":"https:\/\/rastosvet.rs\/product\/lampa-savitljiva-na-stipaljku\/","name":"Lampa savitljiva na \u0161tipaljku","isPartOf":{"@id":"https:\/\/rastosvet.rs\/#website"},"primaryImageOfPage":{"@id":"https:\/\/rastosvet.rs\/product\/lampa-savitljiva-na-stipaljku\/#primaryimage"},"image":{"@id":"https:\/\/rastosvet.rs\/product\/lampa-savitljiva-na-stipaljku\/#primaryimage"},"thumbnailUrl":"https:\/\/rastosvet.rs\/wp-content\/uploads\/2024\/03\/lamp-1.png","datePublished":"2024-03-07T22:30:21+00:00","dateModified":"2026-02-07T17:23:34+00:00","description":"\u041b\u0430\u043c\u043f\u0430 \u0441\u0430\u0432\u0438\u0442\u0459\u0438\u0432\u043e\u0433 \u0432\u0440\u0430\u0442\u0430 \u043d\u0430 \u0448\u0442\u0438\u043f\u0430\u0459\u043a\u0443. \u041a\u0432\u0430\u043b\u0438\u0442\u0435\u0442\u043d\u0435 \u0438\u0437\u0440\u0430\u0434\u0435, \u0438\u0437\u0434\u0440\u0436\u0459\u0438\u0432\u0430. \u0414\u043e\u043b\u0430\u0437\u0438 \u0441\u0430 2\u043c \u043a\u0430\u0431\u043b\u0430 \u0438 \u043c\u043e\u0436\u0435 \u0434\u0430 \u0438\u0437\u0434\u0440\u0436\u0438 \u043f\u043e\u0442\u0440\u043e\u0448\u0459\u0443 \u0441\u0442\u0440\u0443\u0458\u0435 \u043e\u0434 250 \u0432\u0430\u0442\u0438.","breadcrumb":{"@id":"https:\/\/rastosvet.rs\/product\/lampa-savitljiva-na-stipaljku\/#breadcrumb"},"inLanguage":"bs-BA","potentialAction":[{"@type":"ReadAction","target":["https:\/\/rastosvet.rs\/product\/lampa-savitljiva-na-stipaljku\/"]}]},{"@type":"ImageObject","inLanguage":"bs-BA","@id":"https:\/\/rastosvet.rs\/product\/lampa-savitljiva-na-stipaljku\/#primaryimage","url":"https:\/\/rastosvet.rs\/wp-content\/uploads\/2024\/03\/lamp-1.png","contentUrl":"https:\/\/rastosvet.rs\/wp-content\/uploads\/2024\/03\/lamp-1.png","width":900,"height":900},{"@type":"BreadcrumbList","@id":"https:\/\/rastosvet.rs\/product\/lampa-savitljiva-na-stipaljku\/#breadcrumb","itemListElement":[{"@type":"ListItem","position":1,"name":"Home","item":"https:\/\/rastosvet.rs\/"},{"@type":"ListItem","position":2,"name":"\u041f\u0440\u043e\u0434\u0430\u0432\u043d\u0438\u0446\u0430","item":"https:\/\/rastosvet.rs\/shop\/"},{"@type":"ListItem","position":3,"name":"\u041b\u0430\u043c\u043f\u0430 \u0441\u0430\u0432\u0438\u0442\u0459\u0438\u0432\u0430 \u043d\u0430 \u0448\u0442\u0438\u043f\u0430\u0459\u043a\u0443"}]},{"@type":"WebSite","@id":"https:\/\/rastosvet.rs\/#website","url":"https:\/\/rastosvet.rs\/","name":"\u0420\u0430\u0441\u0442\u043e\u0441\u0432\u0435\u0442","description":"Namenske sijalice","publisher":{"@id":"https:\/\/rastosvet.rs\/#organization"},"potentialAction":[{"@type":"SearchAction","target":{"@type":"EntryPoint","urlTemplate":"https:\/\/rastosvet.rs\/?s={search_term_string}"},"query-input":{"@type":"PropertyValueSpecification","valueRequired":true,"valueName":"search_term_string"}}],"inLanguage":"bs-BA"},{"@type":"Organization","@id":"https:\/\/rastosvet.rs\/#organization","name":"\u0420\u0430\u0441\u0442\u043e\u0441\u0432\u0435\u0442","url":"https:\/\/rastosvet.rs\/","logo":{"@type":"ImageObject","inLanguage":"bs-BA","@id":"https:\/\/rastosvet.rs\/#\/schema\/logo\/image\/","url":"https:\/\/rastosvet.rs\/wp-content\/uploads\/2024\/02\/rastosvet-logo-feb-2024.png","contentUrl":"https:\/\/rastosvet.rs\/wp-content\/uploads\/2024\/02\/rastosvet-logo-feb-2024.png","width":360,"height":80,"caption":"\u0420\u0430\u0441\u0442\u043e\u0441\u0432\u0435\u0442"},"image":{"@id":"https:\/\/rastosvet.rs\/#\/schema\/logo\/image\/"},"sameAs":["https:\/\/www.facebook.com\/rastosvet","https:\/\/x.com\/rastosvet","https:\/\/www.instagram.com\/rastosvet"]}]}},"jetpack_sharing_enabled":true,"_links":{"self":[{"href":"https:\/\/rastosvet.rs\/sr-latin\/wp-json\/wp\/v2\/product\/780","targetHints":{"allow":["GET"]}}],"collection":[{"href":"https:\/\/rastosvet.rs\/sr-latin\/wp-json\/wp\/v2\/product"}],"about":[{"href":"https:\/\/rastosvet.rs\/sr-latin\/wp-json\/wp\/v2\/types\/product"}],"replies":[{"embeddable":true,"href":"https:\/\/rastosvet.rs\/sr-latin\/wp-json\/wp\/v2\/comments?post=780"}],"wp:featuredmedia":[{"embeddable":true,"href":"https:\/\/rastosvet.rs\/sr-latin\/wp-json\/wp\/v2\/media\/781"}],"wp:attachment":[{"href":"https:\/\/rastosvet.rs\/sr-latin\/wp-json\/wp\/v2\/media?parent=780"}],"wp:term":[{"taxonomy":"product_brand","embeddable":true,"href":"https:\/\/rastosvet.rs\/sr-latin\/wp-json\/wp\/v2\/product_brand?post=780"},{"taxonomy":"product_cat","embeddable":true,"href":"https:\/\/rastosvet.rs\/sr-latin\/wp-json\/wp\/v2\/product_cat?post=780"},{"taxonomy":"product_tag","embeddable":true,"href":"https:\/\/rastosvet.rs\/sr-latin\/wp-json\/wp\/v2\/product_tag?post=780"}],"curies":[{"name":"wp","href":"https:\/\/api.w.org\/{rel}","templated":true}]}}