{"id":828,"date":"2024-07-07T15:26:47","date_gmt":"2024-07-07T15:26:47","guid":{"rendered":"https:\/\/rastosvet.rs\/?post_type=product&#038;p=828"},"modified":"2026-01-13T08:02:38","modified_gmt":"2026-01-13T08:02:38","slug":"sijalica-halogena-nocna-za-grejanje-63m-25w","status":"publish","type":"product","link":"https:\/\/rastosvet.rs\/sr-latin\/product\/sijalica-halogena-nocna-za-grejanje-63m-25w\/","title":{"rendered":"Sijalica halogena no\u0107na za grejanje 63mm 25w"},"content":{"rendered":"<p>Ovo je posebna vrsta sijalice koja kombinuje dve funkcije: osvetljenje i grejanje. Idealna je u hladnim no\u0107ima za prostorije gde je potrebno brzo i lokalno pove\u0107ati temperaturu.<\/p>\n<h3>Namena<\/h3>\n<ul>\n<li>Dodatni izvor grejanja terarijuma,<\/li>\n<li>Obezbe\u0111uje osvetljenje i toplinu hladnim no\u0107ima i<\/li>\n<li>Koncentri\u0161e toplotu na odre\u0111enom mestu.<\/li>\n<\/ul>\n<p>Na osnovu na\u0161ih li\u010dnih merenja, dostavljamo i nivo zra\u010denja po svetlostnom spektru:<\/p>\n<p><img fetchpriority=\"high\" decoding=\"async\" class=\"alignnone size-full wp-image-1829\" src=\"https:\/\/rastosvet.rs\/wp-content\/uploads\/2025\/12\/spectrum-moon-25w-r63.jpg\" alt=\"\" width=\"390\" height=\"335\" srcset=\"https:\/\/rastosvet.rs\/wp-content\/uploads\/2025\/12\/spectrum-moon-25w-r63.jpg?v=1765732533 390w, https:\/\/rastosvet.rs\/wp-content\/uploads\/2025\/12\/spectrum-moon-25w-r63-300x258.jpg?v=1765732533 300w\" sizes=\"(max-width: 390px) 100vw, 390px\" \/><\/p>\n<p>Na dijagramu su prikazani nivoi zra\u010denja<\/p>\n<ul>\n<li>UVA,<\/li>\n<li>preko vidljivog spektra &#8211; od ljubi\u010daste, preko plave, zelene, \u017eute, do crvene svetlosti,<\/li>\n<li>do infracrvenog spektra.<\/li>\n<\/ul>\n<h3>Vek trajanja<\/h3>\n<p>Traje je od 1 dana, do 1 godine. U proseku, meri se mesecima. One u sebi imaju \u017earulju koja mo\u017ee da pregori.<\/p>\n<h3>Garancija<\/h3>\n<p>Va\u017ei uz izdati fiskalni ra\u010dun u periodu od mesec dana. Ispravnost svake sijalice se proverava pre slanja.<\/p>\n<h3>Pozicija<\/h3>\n<p>Sijalicu postaviti tako da greje samo jedan ugao va\u0161eg terarijuma. Na taj na\u010din stvara se topla i hladna mikroklima. U takvom okru\u017eenju va\u0161 ljubimac mo\u017ee da se ugreje i ohladi po potrebi. Ukoliko sijalicu postavite na sredinu terarijuma rizikujete pregrevanje va\u0161eg ljubimca.<\/p>\n<h3>Vreme rada<\/h3>\n<p>Ova sijalica nije zamena za sun\u010devu svetlost, predvi\u0111ene su da rade dok je dan, kad ima dnevne svetlosti. U principu, upalite je kad se probudite, a ugasite kada idete na spavanje.<\/p>\n<h3>Va\u017eno<\/h3>\n<ul>\n<li><strong>Bezbednost<\/strong>: Nikada ne dodirujte vru\u0107i deo sijalice dok je uklju\u010dena.<\/li>\n<li><strong>Monta\u017ea<\/strong>: Uvek isklju\u010dite struju pre nego \u0161to zamenite sijalicu.<\/li>\n<li><strong>Kompatibilnost<\/strong>: Sijalica se montiran na standardno, e27 grlo.<\/li>\n<li><strong>Zahtevi<\/strong>: Kerami\u010dko grlo i lampa od metala.<\/li>\n<\/ul>\n","protected":false},"excerpt":{"rendered":"<p>Ovo je posebna vrsta sijalice koja kombinuje dve funkcije: osvetljenje i grejanje. Idealna je u hladnim no\u0107ima za prostorije gde je potrebno brzo i lokalno pove\u0107ati temperaturu. Namena Dodatni izvor grejanja terarijuma, Obezbe\u0111uje osvetljenje i toplinu hladnim no\u0107ima i Koncentri\u0161e toplotu na odre\u0111enom mestu. Na osnovu na\u0161ih li\u010dnih merenja, dostavljamo i nivo zra\u010denja po svetlostnom [&hellip;]<\/p>\n","protected":false},"featured_media":818,"comment_status":"open","ping_status":"closed","template":"","meta":[],"product_brand":[],"product_cat":[64,66,31],"product_tag":[57,35,34],"class_list":{"0":"post-828","1":"product","2":"type-product","3":"status-publish","4":"has-post-thumbnail","6":"product_cat-sijalice-za-agame","7":"product_cat-sijalice-za-grejanje","8":"product_cat-bulb-animal","9":"product_tag-grejanje","10":"product_tag-animal","11":"product_tag-bulb","13":"first","14":"instock","15":"shipping-taxable","16":"purchasable","17":"product-type-simple"},"yoast_head":"<!-- This site is optimized with the Yoast SEO plugin v27.5 - https:\/\/yoast.com\/product\/yoast-seo-wordpress\/ -->\n<title>Sijalica halogena no\u0107na za grejanje 63mm 25w<\/title>\n<meta name=\"robots\" content=\"index, follow, max-snippet:-1, max-image-preview:large, max-video-preview:-1\" \/>\n<link rel=\"canonical\" href=\"https:\/\/rastosvet.rs\/sr-latin\/product\/sijalica-halogena-nocna-za-grejanje-63m-25w\/\" \/>\n<meta property=\"og:locale\" content=\"bs_BA\" \/>\n<meta property=\"og:locale:alternate\" content=\"sr_RS\" \/>\n<meta property=\"og:type\" content=\"article\" \/>\n<meta property=\"og:title\" content=\"Sijalica halogena no\u0107na za grejanje 63mm 25w\" \/>\n<meta property=\"og:description\" content=\"Ovo je posebna vrsta sijalice koja kombinuje dve funkcije: osvetljenje i grejanje. Idealna je u hladnim no\u0107ima za prostorije gde je potrebno brzo i lokalno pove\u0107ati temperaturu. Namena Dodatni izvor grejanja terarijuma, Obezbe\u0111uje osvetljenje i toplinu hladnim no\u0107ima i Koncentri\u0161e toplotu na odre\u0111enom mestu. Na osnovu na\u0161ih li\u010dnih merenja, dostavljamo i nivo zra\u010denja po svetlostnom [&hellip;]\" \/>\n<meta property=\"og:url\" content=\"https:\/\/rastosvet.rs\/sr-latin\/product\/sijalica-halogena-nocna-za-grejanje-63m-25w\/\" \/>\n<meta property=\"og:site_name\" content=\"Rastosvet\" \/>\n<meta property=\"article:publisher\" content=\"https:\/\/www.facebook.com\/rastosvet\" \/>\n<meta property=\"article:modified_time\" content=\"2026-01-13T08:02:38+00:00\" \/>\n<meta property=\"og:image\" content=\"https:\/\/rastosvet.rs\/wp-content\/uploads\/2024\/07\/r63-black-25w.png?v=1720366326\" \/>\n\t<meta property=\"og:image:width\" content=\"900\" \/>\n\t<meta property=\"og:image:height\" content=\"900\" \/>\n\t<meta property=\"og:image:type\" content=\"image\/png\" \/>\n<meta name=\"twitter:card\" content=\"summary_large_image\" \/>\n<meta name=\"twitter:site\" content=\"@rastosvet\" \/>\n<meta name=\"twitter:label1\" content=\"Est. reading time\" \/>\n\t<meta name=\"twitter:data1\" content=\"2 minute\" \/>\n<script type=\"application\/ld+json\" class=\"yoast-schema-graph\">{\"@context\":\"https:\\\/\\\/schema.org\",\"@graph\":[{\"@type\":\"WebPage\",\"@id\":\"https:\\\/\\\/rastosvet.rs\\\/sr-latin\\\/product\\\/sijalica-halogena-nocna-za-grejanje-63m-25w\\\/\",\"url\":\"https:\\\/\\\/rastosvet.rs\\\/sr-latin\\\/product\\\/sijalica-halogena-nocna-za-grejanje-63m-25w\\\/\",\"name\":\"Sijalica halogena no\u0107na za grejanje 63mm 25w\",\"isPartOf\":{\"@id\":\"https:\\\/\\\/rastosvet.rs\\\/#website\"},\"primaryImageOfPage\":{\"@id\":\"https:\\\/\\\/rastosvet.rs\\\/sr-latin\\\/product\\\/sijalica-halogena-nocna-za-grejanje-63m-25w\\\/#primaryimage\"},\"image\":{\"@id\":\"https:\\\/\\\/rastosvet.rs\\\/sr-latin\\\/product\\\/sijalica-halogena-nocna-za-grejanje-63m-25w\\\/#primaryimage\"},\"thumbnailUrl\":\"https:\\\/\\\/rastosvet.rs\\\/wp-content\\\/uploads\\\/2024\\\/07\\\/r63-black-25w.png?v=1720366326\",\"datePublished\":\"2024-07-07T15:26:47+00:00\",\"dateModified\":\"2026-01-13T08:02:38+00:00\",\"breadcrumb\":{\"@id\":\"https:\\\/\\\/rastosvet.rs\\\/sr-latin\\\/product\\\/sijalica-halogena-nocna-za-grejanje-63m-25w\\\/#breadcrumb\"},\"inLanguage\":\"bs-BA\",\"potentialAction\":[{\"@type\":\"ReadAction\",\"target\":[\"https:\\\/\\\/rastosvet.rs\\\/sr-latin\\\/product\\\/sijalica-halogena-nocna-za-grejanje-63m-25w\\\/\"]}]},{\"@type\":\"ImageObject\",\"inLanguage\":\"bs-BA\",\"@id\":\"https:\\\/\\\/rastosvet.rs\\\/sr-latin\\\/product\\\/sijalica-halogena-nocna-za-grejanje-63m-25w\\\/#primaryimage\",\"url\":\"https:\\\/\\\/rastosvet.rs\\\/wp-content\\\/uploads\\\/2024\\\/07\\\/r63-black-25w.png?v=1720366326\",\"contentUrl\":\"https:\\\/\\\/rastosvet.rs\\\/wp-content\\\/uploads\\\/2024\\\/07\\\/r63-black-25w.png?v=1720366326\",\"width\":900,\"height\":900},{\"@type\":\"BreadcrumbList\",\"@id\":\"https:\\\/\\\/rastosvet.rs\\\/sr-latin\\\/product\\\/sijalica-halogena-nocna-za-grejanje-63m-25w\\\/#breadcrumb\",\"itemListElement\":[{\"@type\":\"ListItem\",\"position\":1,\"name\":\"Home\",\"item\":\"https:\\\/\\\/rastosvet.rs\\\/\"},{\"@type\":\"ListItem\",\"position\":2,\"name\":\"\u041f\u0440\u043e\u0434\u0430\u0432\u043d\u0438\u0446\u0430\",\"item\":\"https:\\\/\\\/rastosvet.rs\\\/shop\\\/\"},{\"@type\":\"ListItem\",\"position\":3,\"name\":\"Sijalica halogena no\u0107na za grejanje 63mm 25w\"}]},{\"@type\":\"WebSite\",\"@id\":\"https:\\\/\\\/rastosvet.rs\\\/#website\",\"url\":\"https:\\\/\\\/rastosvet.rs\\\/\",\"name\":\"\u0420\u0430\u0441\u0442\u043e\u0441\u0432\u0435\u0442\",\"description\":\"Namenske sijalice\",\"publisher\":{\"@id\":\"https:\\\/\\\/rastosvet.rs\\\/#organization\"},\"potentialAction\":[{\"@type\":\"SearchAction\",\"target\":{\"@type\":\"EntryPoint\",\"urlTemplate\":\"https:\\\/\\\/rastosvet.rs\\\/?s={search_term_string}\"},\"query-input\":{\"@type\":\"PropertyValueSpecification\",\"valueRequired\":true,\"valueName\":\"search_term_string\"}}],\"inLanguage\":\"bs-BA\"},{\"@type\":\"Organization\",\"@id\":\"https:\\\/\\\/rastosvet.rs\\\/#organization\",\"name\":\"\u0420\u0430\u0441\u0442\u043e\u0441\u0432\u0435\u0442\",\"url\":\"https:\\\/\\\/rastosvet.rs\\\/\",\"logo\":{\"@type\":\"ImageObject\",\"inLanguage\":\"bs-BA\",\"@id\":\"https:\\\/\\\/rastosvet.rs\\\/#\\\/schema\\\/logo\\\/image\\\/\",\"url\":\"https:\\\/\\\/rastosvet.rs\\\/wp-content\\\/uploads\\\/2024\\\/02\\\/rastosvet-logo-feb-2024.png\",\"contentUrl\":\"https:\\\/\\\/rastosvet.rs\\\/wp-content\\\/uploads\\\/2024\\\/02\\\/rastosvet-logo-feb-2024.png\",\"width\":360,\"height\":80,\"caption\":\"\u0420\u0430\u0441\u0442\u043e\u0441\u0432\u0435\u0442\"},\"image\":{\"@id\":\"https:\\\/\\\/rastosvet.rs\\\/#\\\/schema\\\/logo\\\/image\\\/\"},\"sameAs\":[\"https:\\\/\\\/www.facebook.com\\\/rastosvet\",\"https:\\\/\\\/x.com\\\/rastosvet\",\"https:\\\/\\\/www.instagram.com\\\/rastosvet\"]}]}<\/script>\n<!-- \/ Yoast SEO plugin. -->","yoast_head_json":{"title":"Sijalica halogena no\u0107na za grejanje 63mm 25w","robots":{"index":"index","follow":"follow","max-snippet":"max-snippet:-1","max-image-preview":"max-image-preview:large","max-video-preview":"max-video-preview:-1"},"canonical":"https:\/\/rastosvet.rs\/sr-latin\/product\/sijalica-halogena-nocna-za-grejanje-63m-25w\/","og_locale":"bs_BA","og_type":"article","og_title":"[:sr]\u0421\u0438\u0458\u0430\u043b\u0438\u0446\u0430 \u0445\u0430\u043b\u043e\u0433\u0435\u043d\u0430 \u043d\u043e\u045b\u043d\u0430 \u0437\u0430 \u0433\u0440\u0435\u0458\u0430\u045a\u0435 63\u043c\u043c 25 \u0432\u0430\u0442\u0438[:sr-latin]Sijalica halogena no\u0107na za grejanje 63mm 25w[:] - Rastosvet","og_description":"Ovo je posebna vrsta sijalice koja kombinuje dve funkcije: osvetljenje i grejanje. Idealna je u hladnim no\u0107ima za prostorije gde je potrebno brzo i lokalno pove\u0107ati temperaturu. Namena Dodatni izvor grejanja terarijuma, Obezbe\u0111uje osvetljenje i toplinu hladnim no\u0107ima i Koncentri\u0161e toplotu na odre\u0111enom mestu. Na osnovu na\u0161ih li\u010dnih merenja, dostavljamo i nivo zra\u010denja po svetlostnom [&hellip;]","og_url":"https:\/\/rastosvet.rs\/sr-latin\/product\/sijalica-halogena-nocna-za-grejanje-63m-25w\/","og_site_name":"Rastosvet","article_publisher":"https:\/\/www.facebook.com\/rastosvet","article_modified_time":"2026-01-13T08:02:38+00:00","og_image":[{"width":900,"height":900,"url":"https:\/\/rastosvet.rs\/wp-content\/uploads\/2024\/07\/r63-black-25w.png?v=1720366326","type":"image\/png"}],"twitter_card":"summary_large_image","twitter_site":"@rastosvet","twitter_misc":{"Est. reading time":"2 minute"},"schema":{"@context":"https:\/\/schema.org","@graph":[{"@type":"WebPage","@id":"https:\/\/rastosvet.rs\/sr-latin\/product\/sijalica-halogena-nocna-za-grejanje-63m-25w\/","url":"https:\/\/rastosvet.rs\/sr-latin\/product\/sijalica-halogena-nocna-za-grejanje-63m-25w\/","name":"Sijalica halogena no\u0107na za grejanje 63mm 25w","isPartOf":{"@id":"https:\/\/rastosvet.rs\/#website"},"primaryImageOfPage":{"@id":"https:\/\/rastosvet.rs\/sr-latin\/product\/sijalica-halogena-nocna-za-grejanje-63m-25w\/#primaryimage"},"image":{"@id":"https:\/\/rastosvet.rs\/sr-latin\/product\/sijalica-halogena-nocna-za-grejanje-63m-25w\/#primaryimage"},"thumbnailUrl":"https:\/\/rastosvet.rs\/wp-content\/uploads\/2024\/07\/r63-black-25w.png?v=1720366326","datePublished":"2024-07-07T15:26:47+00:00","dateModified":"2026-01-13T08:02:38+00:00","breadcrumb":{"@id":"https:\/\/rastosvet.rs\/sr-latin\/product\/sijalica-halogena-nocna-za-grejanje-63m-25w\/#breadcrumb"},"inLanguage":"bs-BA","potentialAction":[{"@type":"ReadAction","target":["https:\/\/rastosvet.rs\/sr-latin\/product\/sijalica-halogena-nocna-za-grejanje-63m-25w\/"]}]},{"@type":"ImageObject","inLanguage":"bs-BA","@id":"https:\/\/rastosvet.rs\/sr-latin\/product\/sijalica-halogena-nocna-za-grejanje-63m-25w\/#primaryimage","url":"https:\/\/rastosvet.rs\/wp-content\/uploads\/2024\/07\/r63-black-25w.png?v=1720366326","contentUrl":"https:\/\/rastosvet.rs\/wp-content\/uploads\/2024\/07\/r63-black-25w.png?v=1720366326","width":900,"height":900},{"@type":"BreadcrumbList","@id":"https:\/\/rastosvet.rs\/sr-latin\/product\/sijalica-halogena-nocna-za-grejanje-63m-25w\/#breadcrumb","itemListElement":[{"@type":"ListItem","position":1,"name":"Home","item":"https:\/\/rastosvet.rs\/"},{"@type":"ListItem","position":2,"name":"\u041f\u0440\u043e\u0434\u0430\u0432\u043d\u0438\u0446\u0430","item":"https:\/\/rastosvet.rs\/shop\/"},{"@type":"ListItem","position":3,"name":"Sijalica halogena no\u0107na za grejanje 63mm 25w"}]},{"@type":"WebSite","@id":"https:\/\/rastosvet.rs\/#website","url":"https:\/\/rastosvet.rs\/","name":"\u0420\u0430\u0441\u0442\u043e\u0441\u0432\u0435\u0442","description":"Namenske sijalice","publisher":{"@id":"https:\/\/rastosvet.rs\/#organization"},"potentialAction":[{"@type":"SearchAction","target":{"@type":"EntryPoint","urlTemplate":"https:\/\/rastosvet.rs\/?s={search_term_string}"},"query-input":{"@type":"PropertyValueSpecification","valueRequired":true,"valueName":"search_term_string"}}],"inLanguage":"bs-BA"},{"@type":"Organization","@id":"https:\/\/rastosvet.rs\/#organization","name":"\u0420\u0430\u0441\u0442\u043e\u0441\u0432\u0435\u0442","url":"https:\/\/rastosvet.rs\/","logo":{"@type":"ImageObject","inLanguage":"bs-BA","@id":"https:\/\/rastosvet.rs\/#\/schema\/logo\/image\/","url":"https:\/\/rastosvet.rs\/wp-content\/uploads\/2024\/02\/rastosvet-logo-feb-2024.png","contentUrl":"https:\/\/rastosvet.rs\/wp-content\/uploads\/2024\/02\/rastosvet-logo-feb-2024.png","width":360,"height":80,"caption":"\u0420\u0430\u0441\u0442\u043e\u0441\u0432\u0435\u0442"},"image":{"@id":"https:\/\/rastosvet.rs\/#\/schema\/logo\/image\/"},"sameAs":["https:\/\/www.facebook.com\/rastosvet","https:\/\/x.com\/rastosvet","https:\/\/www.instagram.com\/rastosvet"]}]}},"jetpack_sharing_enabled":true,"_links":{"self":[{"href":"https:\/\/rastosvet.rs\/sr-latin\/wp-json\/wp\/v2\/product\/828","targetHints":{"allow":["GET"]}}],"collection":[{"href":"https:\/\/rastosvet.rs\/sr-latin\/wp-json\/wp\/v2\/product"}],"about":[{"href":"https:\/\/rastosvet.rs\/sr-latin\/wp-json\/wp\/v2\/types\/product"}],"replies":[{"embeddable":true,"href":"https:\/\/rastosvet.rs\/sr-latin\/wp-json\/wp\/v2\/comments?post=828"}],"wp:featuredmedia":[{"embeddable":true,"href":"https:\/\/rastosvet.rs\/sr-latin\/wp-json\/wp\/v2\/media\/818"}],"wp:attachment":[{"href":"https:\/\/rastosvet.rs\/sr-latin\/wp-json\/wp\/v2\/media?parent=828"}],"wp:term":[{"taxonomy":"product_brand","embeddable":true,"href":"https:\/\/rastosvet.rs\/sr-latin\/wp-json\/wp\/v2\/product_brand?post=828"},{"taxonomy":"product_cat","embeddable":true,"href":"https:\/\/rastosvet.rs\/sr-latin\/wp-json\/wp\/v2\/product_cat?post=828"},{"taxonomy":"product_tag","embeddable":true,"href":"https:\/\/rastosvet.rs\/sr-latin\/wp-json\/wp\/v2\/product_tag?post=828"}],"curies":[{"name":"wp","href":"https:\/\/api.w.org\/{rel}","templated":true}]}}